{"id":180,"date":"2023-12-13T11:52:21","date_gmt":"2023-12-13T15:52:21","guid":{"rendered":"https:\/\/egcm-caraibes.com\/?page_id=180"},"modified":"2023-12-15T16:50:56","modified_gmt":"2023-12-15T20:50:56","slug":"portails-et-grilles-de-fermetures","status":"publish","type":"page","link":"https:\/\/egcm-caraibes.com\/index.php\/portails-et-grilles-de-fermetures\/","title":{"rendered":"Portails &#038; Portes"},"content":{"rendered":"\t\t<div data-elementor-type=\"wp-page\" data-elementor-id=\"180\" class=\"elementor elementor-180\">\n\t\t\t\t<div class=\"elementor-element elementor-element-d680446 e-flex e-con-boxed e-con e-parent\" data-id=\"d680446\" data-element_type=\"container\" data-e-type=\"container\">\n\t\t\t\t\t<div class=\"e-con-inner\">\n\t\t\t\t<div class=\"elementor-element elementor-element-c90fa15 elementor-widget elementor-widget-heading\" data-id=\"c90fa15\" data-element_type=\"widget\" data-e-type=\"widget\" data-widget_type=\"heading.default\">\n\t\t\t\t<div class=\"elementor-widget-container\">\n\t\t\t\t\t<h5 class=\"elementor-heading-title elementor-size-medium\">Faites appel \u00e0 la soci\u00e9t\u00e9 EGCM CARAIBES \n pour la construction de votre portail<\/h5>\t\t\t\t<\/div>\n\t\t\t\t<\/div>\n\t\t\t\t\t<\/div>\n\t\t\t\t<\/div>\n\t\t<div class=\"elementor-element elementor-element-d8bd4cf e-flex e-con-boxed e-con e-parent\" data-id=\"d8bd4cf\" data-element_type=\"container\" data-e-type=\"container\">\n\t\t\t\t\t<div class=\"e-con-inner\">\n\t\t<div class=\"elementor-element elementor-element-5fd0724 e-con-full e-flex e-con e-child\" data-id=\"5fd0724\" data-element_type=\"container\" data-e-type=\"container\">\n\t\t\t\t<div class=\"elementor-element elementor-element-96758a2 elementor-widget elementor-widget-text-editor\" data-id=\"96758a2\" data-element_type=\"widget\" data-e-type=\"widget\" data-widget_type=\"text-editor.default\">\n\t\t\t\t<div class=\"elementor-widget-container\">\n\t\t\t\t\t\t\t\t\t<p>La soci\u00e9t\u00e9 <span style=\"color:#E75903\"\/>EGCM CARAIBES<\/span> r\u00e9alise votre projet\t\t\t\t\t\t\t\t<\/div>\n\t\t\t\t<\/div>\n\t\t\t\t<div class=\"elementor-element elementor-element-3e25654 elementor-icon-list--layout-traditional elementor-list-item-link-full_width elementor-widget elementor-widget-icon-list\" data-id=\"3e25654\" data-element_type=\"widget\" data-e-type=\"widget\" data-widget_type=\"icon-list.default\">\n\t\t\t\t<div class=\"elementor-widget-container\">\n\t\t\t\t\t\t\t<ul class=\"elementor-icon-list-items\">\n\t\t\t\t\t\t\t<li class=\"elementor-icon-list-item\">\n\t\t\t\t\t\t\t\t\t\t\t<span class=\"elementor-icon-list-icon\">\n\t\t\t\t\t\t\t<i aria-hidden=\"true\" class=\"fas fa-chevron-right\"><\/i>\t\t\t\t\t\t<\/span>\n\t\t\t\t\t\t\t\t\t\t<span class=\"elementor-icon-list-text\">En acier galvanis\u00e9 peint<\/span>\n\t\t\t\t\t\t\t\t\t<\/li>\n\t\t\t\t\t\t\t\t<li class=\"elementor-icon-list-item\">\n\t\t\t\t\t\t\t\t\t\t\t<span class=\"elementor-icon-list-icon\">\n\t\t\t\t\t\t\t<i aria-hidden=\"true\" class=\"fas fa-chevron-right\"><\/i>\t\t\t\t\t\t<\/span>\n\t\t\t\t\t\t\t\t\t\t<span class=\"elementor-icon-list-text\">En aluminium soud\u00e9<\/span>\n\t\t\t\t\t\t\t\t\t<\/li>\n\t\t\t\t\t\t\t\t<li class=\"elementor-icon-list-item\">\n\t\t\t\t\t\t\t\t\t\t\t<span class=\"elementor-icon-list-icon\">\n\t\t\t\t\t\t\t<i aria-hidden=\"true\" class=\"fas fa-chevron-right\"><\/i>\t\t\t\t\t\t<\/span>\n\t\t\t\t\t\t\t\t\t\t<span class=\"elementor-icon-list-text\">Avec ou sans motorisation<\/span>\n\t\t\t\t\t\t\t\t\t<\/li>\n\t\t\t\t\t\t\t\t<li class=\"elementor-icon-list-item\">\n\t\t\t\t\t\t\t\t\t\t\t<span class=\"elementor-icon-list-icon\">\n\t\t\t\t\t\t\t<i aria-hidden=\"true\" class=\"fas fa-chevron-right\"><\/i>\t\t\t\t\t\t<\/span>\n\t\t\t\t\t\t\t\t\t\t<span class=\"elementor-icon-list-text\">Portail coulissant ou  \u00e0 battants<\/span>\n\t\t\t\t\t\t\t\t\t<\/li>\n\t\t\t\t\t\t\t\t<li class=\"elementor-icon-list-item\">\n\t\t\t\t\t\t\t\t\t\t\t<span class=\"elementor-icon-list-icon\">\n\t\t\t\t\t\t\t<i aria-hidden=\"true\" class=\"fas fa-chevron-right\"><\/i>\t\t\t\t\t\t<\/span>\n\t\t\t\t\t\t\t\t\t\t<span class=\"elementor-icon-list-text\">Incorporation d'\u00e9l\u00e9ments en bois<\/span>\n\t\t\t\t\t\t\t\t\t<\/li>\n\t\t\t\t\t\t\t\t<li class=\"elementor-icon-list-item\">\n\t\t\t\t\t\t\t\t\t\t\t<span class=\"elementor-icon-list-icon\">\n\t\t\t\t\t\t\t<i aria-hidden=\"true\" class=\"fas fa-chevron-right\"><\/i>\t\t\t\t\t\t<\/span>\n\t\t\t\t\t\t\t\t\t\t<span class=\"elementor-icon-list-text\">R\u00e9paration de votre  portail<\/span>\n\t\t\t\t\t\t\t\t\t<\/li>\n\t\t\t\t\t\t\t\t<li class=\"elementor-icon-list-item\">\n\t\t\t\t\t\t\t\t\t\t\t<span class=\"elementor-icon-list-icon\">\n\t\t\t\t\t\t\t<i aria-hidden=\"true\" class=\"fas fa-chevron-right\"><\/i>\t\t\t\t\t\t<\/span>\n\t\t\t\t\t\t\t\t\t\t<span class=\"elementor-icon-list-text\">Autres demandes...<\/span>\n\t\t\t\t\t\t\t\t\t<\/li>\n\t\t\t\t\t\t<\/ul>\n\t\t\t\t\t\t<\/div>\n\t\t\t\t<\/div>\n\t\t\t\t<\/div>\n\t\t<div class=\"elementor-element elementor-element-9834d83 e-con-full e-flex e-con e-child\" data-id=\"9834d83\" data-element_type=\"container\" data-e-type=\"container\">\n\t\t\t\t<div class=\"elementor-element elementor-element-2eea0db elementor-widget elementor-widget-image\" data-id=\"2eea0db\" data-element_type=\"widget\" data-e-type=\"widget\" data-widget_type=\"image.default\">\n\t\t\t\t<div class=\"elementor-widget-container\">\n\t\t\t\t\t\t\t\t\t\t\t\t\t\t\t<img fetchpriority=\"high\" decoding=\"async\" width=\"612\" height=\"612\" src=\"https:\/\/egcm-caraibes.com\/wp-content\/uploads\/2023\/12\/icones-portails.jpg\" class=\"attachment-large size-large wp-image-328\" alt=\"\" srcset=\"https:\/\/egcm-caraibes.com\/wp-content\/uploads\/2023\/12\/icones-portails.jpg 612w, https:\/\/egcm-caraibes.com\/wp-content\/uploads\/2023\/12\/icones-portails-300x300.jpg 300w, https:\/\/egcm-caraibes.com\/wp-content\/uploads\/2023\/12\/icones-portails-150x150.jpg 150w, https:\/\/egcm-caraibes.com\/wp-content\/uploads\/2023\/12\/icones-portails-600x600.jpg 600w, https:\/\/egcm-caraibes.com\/wp-content\/uploads\/2023\/12\/icones-portails-400x400.jpg 400w\" sizes=\"(max-width: 612px) 100vw, 612px\" \/>\t\t\t\t\t\t\t\t\t\t\t\t\t\t\t<\/div>\n\t\t\t\t<\/div>\n\t\t\t\t<\/div>\n\t\t\t\t\t<\/div>\n\t\t\t\t<\/div>\n\t\t<div class=\"elementor-element elementor-element-ed75f0b e-flex e-con-boxed e-con e-parent\" data-id=\"ed75f0b\" data-element_type=\"container\" data-e-type=\"container\">\n\t\t\t\t\t<div class=\"e-con-inner\">\n\t\t\t\t<div class=\"elementor-element elementor-element-1cd51e1 elementor-widget elementor-widget-text-editor\" data-id=\"1cd51e1\" data-element_type=\"widget\" data-e-type=\"widget\" data-widget_type=\"text-editor.default\">\n\t\t\t\t<div class=\"elementor-widget-container\">\n\t\t\t\t\t\t\t\t\t<span style=\"color:#E75903\">EGCM CARAIBES<\/span>\u00a0\u00a0travaille sur plan ou se d\u00e9place sur site afin de faire une \u00e9tude sur place. Vous disposez ainsi d\u2019une fabrication de pi\u00e8ce sur mesure et adapt\u00e9e \u00e0 vos besoins !\t\t\t\t\t\t\t\t<\/div>\n\t\t\t\t<\/div>\n\t\t\t\t\t<\/div>\n\t\t\t\t<\/div>\n\t\t\t\t<\/div>\n\t\t","protected":false},"excerpt":{"rendered":"<p>Faites appel \u00e0 la soci\u00e9t\u00e9 EGCM CARAIBES pour la construction de votre portail La soci\u00e9t\u00e9 EGCM CARAIBES r\u00e9alise votre projet En acier galvanis\u00e9 peint En aluminium soud\u00e9 Avec ou sans&hellip;<a href=\"https:\/\/egcm-caraibes.com\/index.php\/portails-et-grilles-de-fermetures\/\" class=\"more-link\"><span class=\"more-button\">Continue reading<span class=\"screen-reader-text\">Portails &#038; Portes<\/span><\/span><\/a><\/p>\n","protected":false},"author":1,"featured_media":0,"parent":0,"menu_order":0,"comment_status":"closed","ping_status":"closed","template":"","meta":{"footnotes":""},"class_list":["post-180","page","type-page","status-publish","hentry"],"yoast_head":"<!-- This site is optimized with the Yoast SEO plugin v27.4 - https:\/\/yoast.com\/product\/yoast-seo-wordpress\/ -->\n<title>Portails &amp; Portes - EGCM Caraibes<\/title>\n<meta name=\"robots\" content=\"index, follow, max-snippet:-1, max-image-preview:large, max-video-preview:-1\" \/>\n<link rel=\"canonical\" href=\"https:\/\/egcm-caraibes.com\/index.php\/portails-et-grilles-de-fermetures\/\" \/>\n<meta property=\"og:locale\" content=\"fr_FR\" \/>\n<meta property=\"og:type\" content=\"article\" \/>\n<meta property=\"og:title\" content=\"Portails &amp; Portes - EGCM Caraibes\" \/>\n<meta property=\"og:description\" content=\"Faites appel \u00e0 la soci\u00e9t\u00e9 EGCM CARAIBES pour la construction de votre portail La soci\u00e9t\u00e9 EGCM CARAIBES r\u00e9alise votre projet En acier galvanis\u00e9 peint En aluminium soud\u00e9 Avec ou sans&hellip;Continue readingPortails &#038; Portes\" \/>\n<meta property=\"og:url\" content=\"https:\/\/egcm-caraibes.com\/index.php\/portails-et-grilles-de-fermetures\/\" \/>\n<meta property=\"og:site_name\" content=\"EGCM Caraibes\" \/>\n<meta property=\"article:publisher\" content=\"https:\/\/www.facebook.com\/egcm.caraibes\/\" \/>\n<meta property=\"article:modified_time\" content=\"2023-12-15T20:50:56+00:00\" \/>\n<meta property=\"og:image\" content=\"http:\/\/egcm-caraibes.com\/wp-content\/uploads\/2023\/12\/icones-portails.jpg\" \/>\n<meta name=\"twitter:card\" content=\"summary_large_image\" \/>\n<meta name=\"twitter:label1\" content=\"Dur\u00e9e de lecture estim\u00e9e\" \/>\n\t<meta name=\"twitter:data1\" content=\"1 minute\" \/>\n<script type=\"application\/ld+json\" class=\"yoast-schema-graph\">{\"@context\":\"https:\\\/\\\/schema.org\",\"@graph\":[{\"@type\":\"WebPage\",\"@id\":\"https:\\\/\\\/egcm-caraibes.com\\\/index.php\\\/portails-et-grilles-de-fermetures\\\/\",\"url\":\"https:\\\/\\\/egcm-caraibes.com\\\/index.php\\\/portails-et-grilles-de-fermetures\\\/\",\"name\":\"Portails & Portes - EGCM Caraibes\",\"isPartOf\":{\"@id\":\"https:\\\/\\\/egcm-caraibes.com\\\/#website\"},\"primaryImageOfPage\":{\"@id\":\"https:\\\/\\\/egcm-caraibes.com\\\/index.php\\\/portails-et-grilles-de-fermetures\\\/#primaryimage\"},\"image\":{\"@id\":\"https:\\\/\\\/egcm-caraibes.com\\\/index.php\\\/portails-et-grilles-de-fermetures\\\/#primaryimage\"},\"thumbnailUrl\":\"http:\\\/\\\/egcm-caraibes.com\\\/wp-content\\\/uploads\\\/2023\\\/12\\\/icones-portails.jpg\",\"datePublished\":\"2023-12-13T15:52:21+00:00\",\"dateModified\":\"2023-12-15T20:50:56+00:00\",\"breadcrumb\":{\"@id\":\"https:\\\/\\\/egcm-caraibes.com\\\/index.php\\\/portails-et-grilles-de-fermetures\\\/#breadcrumb\"},\"inLanguage\":\"fr-FR\",\"potentialAction\":[{\"@type\":\"ReadAction\",\"target\":[\"https:\\\/\\\/egcm-caraibes.com\\\/index.php\\\/portails-et-grilles-de-fermetures\\\/\"]}]},{\"@type\":\"ImageObject\",\"inLanguage\":\"fr-FR\",\"@id\":\"https:\\\/\\\/egcm-caraibes.com\\\/index.php\\\/portails-et-grilles-de-fermetures\\\/#primaryimage\",\"url\":\"http:\\\/\\\/egcm-caraibes.com\\\/wp-content\\\/uploads\\\/2023\\\/12\\\/icones-portails.jpg\",\"contentUrl\":\"http:\\\/\\\/egcm-caraibes.com\\\/wp-content\\\/uploads\\\/2023\\\/12\\\/icones-portails.jpg\"},{\"@type\":\"BreadcrumbList\",\"@id\":\"https:\\\/\\\/egcm-caraibes.com\\\/index.php\\\/portails-et-grilles-de-fermetures\\\/#breadcrumb\",\"itemListElement\":[{\"@type\":\"ListItem\",\"position\":1,\"name\":\"Accueil\",\"item\":\"https:\\\/\\\/egcm-caraibes.com\\\/\"},{\"@type\":\"ListItem\",\"position\":2,\"name\":\"Portails &#038; Portes\"}]},{\"@type\":\"WebSite\",\"@id\":\"https:\\\/\\\/egcm-caraibes.com\\\/#website\",\"url\":\"https:\\\/\\\/egcm-caraibes.com\\\/\",\"name\":\"EGCM Caraibes\",\"description\":\"M\u00e9tallerie - Serrurerie\",\"publisher\":{\"@id\":\"https:\\\/\\\/egcm-caraibes.com\\\/#organization\"},\"potentialAction\":[{\"@type\":\"SearchAction\",\"target\":{\"@type\":\"EntryPoint\",\"urlTemplate\":\"https:\\\/\\\/egcm-caraibes.com\\\/?s={search_term_string}\"},\"query-input\":{\"@type\":\"PropertyValueSpecification\",\"valueRequired\":true,\"valueName\":\"search_term_string\"}}],\"inLanguage\":\"fr-FR\"},{\"@type\":\"Organization\",\"@id\":\"https:\\\/\\\/egcm-caraibes.com\\\/#organization\",\"name\":\"EGCM Caraibes\",\"url\":\"https:\\\/\\\/egcm-caraibes.com\\\/\",\"logo\":{\"@type\":\"ImageObject\",\"inLanguage\":\"fr-FR\",\"@id\":\"https:\\\/\\\/egcm-caraibes.com\\\/#\\\/schema\\\/logo\\\/image\\\/\",\"url\":\"https:\\\/\\\/egcm-caraibes.com\\\/wp-content\\\/uploads\\\/2023\\\/12\\\/logo.png\",\"contentUrl\":\"https:\\\/\\\/egcm-caraibes.com\\\/wp-content\\\/uploads\\\/2023\\\/12\\\/logo.png\",\"width\":59,\"height\":709,\"caption\":\"EGCM Caraibes\"},\"image\":{\"@id\":\"https:\\\/\\\/egcm-caraibes.com\\\/#\\\/schema\\\/logo\\\/image\\\/\"},\"sameAs\":[\"https:\\\/\\\/www.facebook.com\\\/egcm.caraibes\\\/\"]}]}<\/script>\n<!-- \/ Yoast SEO plugin. -->","yoast_head_json":{"title":"Portails & Portes - EGCM Caraibes","robots":{"index":"index","follow":"follow","max-snippet":"max-snippet:-1","max-image-preview":"max-image-preview:large","max-video-preview":"max-video-preview:-1"},"canonical":"https:\/\/egcm-caraibes.com\/index.php\/portails-et-grilles-de-fermetures\/","og_locale":"fr_FR","og_type":"article","og_title":"Portails & Portes - EGCM Caraibes","og_description":"Faites appel \u00e0 la soci\u00e9t\u00e9 EGCM CARAIBES pour la construction de votre portail La soci\u00e9t\u00e9 EGCM CARAIBES r\u00e9alise votre projet En acier galvanis\u00e9 peint En aluminium soud\u00e9 Avec ou sans&hellip;Continue readingPortails &#038; Portes","og_url":"https:\/\/egcm-caraibes.com\/index.php\/portails-et-grilles-de-fermetures\/","og_site_name":"EGCM Caraibes","article_publisher":"https:\/\/www.facebook.com\/egcm.caraibes\/","article_modified_time":"2023-12-15T20:50:56+00:00","og_image":[{"url":"http:\/\/egcm-caraibes.com\/wp-content\/uploads\/2023\/12\/icones-portails.jpg","type":"","width":"","height":""}],"twitter_card":"summary_large_image","twitter_misc":{"Dur\u00e9e de lecture estim\u00e9e":"1 minute"},"schema":{"@context":"https:\/\/schema.org","@graph":[{"@type":"WebPage","@id":"https:\/\/egcm-caraibes.com\/index.php\/portails-et-grilles-de-fermetures\/","url":"https:\/\/egcm-caraibes.com\/index.php\/portails-et-grilles-de-fermetures\/","name":"Portails & Portes - EGCM Caraibes","isPartOf":{"@id":"https:\/\/egcm-caraibes.com\/#website"},"primaryImageOfPage":{"@id":"https:\/\/egcm-caraibes.com\/index.php\/portails-et-grilles-de-fermetures\/#primaryimage"},"image":{"@id":"https:\/\/egcm-caraibes.com\/index.php\/portails-et-grilles-de-fermetures\/#primaryimage"},"thumbnailUrl":"http:\/\/egcm-caraibes.com\/wp-content\/uploads\/2023\/12\/icones-portails.jpg","datePublished":"2023-12-13T15:52:21+00:00","dateModified":"2023-12-15T20:50:56+00:00","breadcrumb":{"@id":"https:\/\/egcm-caraibes.com\/index.php\/portails-et-grilles-de-fermetures\/#breadcrumb"},"inLanguage":"fr-FR","potentialAction":[{"@type":"ReadAction","target":["https:\/\/egcm-caraibes.com\/index.php\/portails-et-grilles-de-fermetures\/"]}]},{"@type":"ImageObject","inLanguage":"fr-FR","@id":"https:\/\/egcm-caraibes.com\/index.php\/portails-et-grilles-de-fermetures\/#primaryimage","url":"http:\/\/egcm-caraibes.com\/wp-content\/uploads\/2023\/12\/icones-portails.jpg","contentUrl":"http:\/\/egcm-caraibes.com\/wp-content\/uploads\/2023\/12\/icones-portails.jpg"},{"@type":"BreadcrumbList","@id":"https:\/\/egcm-caraibes.com\/index.php\/portails-et-grilles-de-fermetures\/#breadcrumb","itemListElement":[{"@type":"ListItem","position":1,"name":"Accueil","item":"https:\/\/egcm-caraibes.com\/"},{"@type":"ListItem","position":2,"name":"Portails &#038; Portes"}]},{"@type":"WebSite","@id":"https:\/\/egcm-caraibes.com\/#website","url":"https:\/\/egcm-caraibes.com\/","name":"EGCM Caraibes","description":"M\u00e9tallerie - Serrurerie","publisher":{"@id":"https:\/\/egcm-caraibes.com\/#organization"},"potentialAction":[{"@type":"SearchAction","target":{"@type":"EntryPoint","urlTemplate":"https:\/\/egcm-caraibes.com\/?s={search_term_string}"},"query-input":{"@type":"PropertyValueSpecification","valueRequired":true,"valueName":"search_term_string"}}],"inLanguage":"fr-FR"},{"@type":"Organization","@id":"https:\/\/egcm-caraibes.com\/#organization","name":"EGCM Caraibes","url":"https:\/\/egcm-caraibes.com\/","logo":{"@type":"ImageObject","inLanguage":"fr-FR","@id":"https:\/\/egcm-caraibes.com\/#\/schema\/logo\/image\/","url":"https:\/\/egcm-caraibes.com\/wp-content\/uploads\/2023\/12\/logo.png","contentUrl":"https:\/\/egcm-caraibes.com\/wp-content\/uploads\/2023\/12\/logo.png","width":59,"height":709,"caption":"EGCM Caraibes"},"image":{"@id":"https:\/\/egcm-caraibes.com\/#\/schema\/logo\/image\/"},"sameAs":["https:\/\/www.facebook.com\/egcm.caraibes\/"]}]}},"_links":{"self":[{"href":"https:\/\/egcm-caraibes.com\/index.php\/wp-json\/wp\/v2\/pages\/180","targetHints":{"allow":["GET"]}}],"collection":[{"href":"https:\/\/egcm-caraibes.com\/index.php\/wp-json\/wp\/v2\/pages"}],"about":[{"href":"https:\/\/egcm-caraibes.com\/index.php\/wp-json\/wp\/v2\/types\/page"}],"author":[{"embeddable":true,"href":"https:\/\/egcm-caraibes.com\/index.php\/wp-json\/wp\/v2\/users\/1"}],"replies":[{"embeddable":true,"href":"https:\/\/egcm-caraibes.com\/index.php\/wp-json\/wp\/v2\/comments?post=180"}],"version-history":[{"count":12,"href":"https:\/\/egcm-caraibes.com\/index.php\/wp-json\/wp\/v2\/pages\/180\/revisions"}],"predecessor-version":[{"id":416,"href":"https:\/\/egcm-caraibes.com\/index.php\/wp-json\/wp\/v2\/pages\/180\/revisions\/416"}],"wp:attachment":[{"href":"https:\/\/egcm-caraibes.com\/index.php\/wp-json\/wp\/v2\/media?parent=180"}],"curies":[{"name":"wp","href":"https:\/\/api.w.org\/{rel}","templated":true}]}}