{"id":186,"date":"2023-12-13T11:59:02","date_gmt":"2023-12-13T15:59:02","guid":{"rendered":"https:\/\/egcm-caraibes.com\/?page_id=186"},"modified":"2023-12-15T16:50:20","modified_gmt":"2023-12-15T20:50:20","slug":"garde-corps","status":"publish","type":"page","link":"https:\/\/egcm-caraibes.com\/index.php\/garde-corps\/","title":{"rendered":"Garde-corps"},"content":{"rendered":"\t\t<div data-elementor-type=\"wp-page\" data-elementor-id=\"186\" class=\"elementor elementor-186\">\n\t\t\t\t<div class=\"elementor-element elementor-element-53b593f e-flex e-con-boxed e-con e-parent\" data-id=\"53b593f\" data-element_type=\"container\" data-e-type=\"container\">\n\t\t\t\t\t<div class=\"e-con-inner\">\n\t\t\t\t<div class=\"elementor-element elementor-element-7314e38 elementor-widget elementor-widget-heading\" data-id=\"7314e38\" data-element_type=\"widget\" data-e-type=\"widget\" data-widget_type=\"heading.default\">\n\t\t\t\t<div class=\"elementor-widget-container\">\n\t\t\t\t\t<h4 class=\"elementor-heading-title elementor-size-medium\">Faites appel \u00e0 la soci\u00e9t\u00e9 EGCM CARAIBES pour r\u00e9aliser vos projets de garde-corps sur mesure et qui vous conviendra au mieux.<\/h4>\t\t\t\t<\/div>\n\t\t\t\t<\/div>\n\t\t\t\t\t<\/div>\n\t\t\t\t<\/div>\n\t\t<div class=\"elementor-element elementor-element-714a419 e-flex e-con-boxed e-con e-parent\" data-id=\"714a419\" data-element_type=\"container\" data-e-type=\"container\">\n\t\t\t\t\t<div class=\"e-con-inner\">\n\t\t<div class=\"elementor-element elementor-element-d4ac159 e-con-full e-flex e-con e-child\" data-id=\"d4ac159\" data-element_type=\"container\" data-e-type=\"container\">\n\t\t\t\t<div class=\"elementor-element elementor-element-5d602c3 elementor-widget elementor-widget-text-editor\" data-id=\"5d602c3\" data-element_type=\"widget\" data-e-type=\"widget\" data-widget_type=\"text-editor.default\">\n\t\t\t\t<div class=\"elementor-widget-container\">\n\t\t\t\t\t\t\t\t\t<p><span style=\"color: #e75903;\">EGCM CARAIBES <\/span> vous propose des solutions adapt\u00e9es \u00e0\u00a0 votre projet\u00a0<\/p>\t\t\t\t\t\t\t\t<\/div>\n\t\t\t\t<\/div>\n\t\t\t\t<div class=\"elementor-element elementor-element-9d34f67 elementor-icon-list--layout-traditional elementor-list-item-link-full_width elementor-widget elementor-widget-icon-list\" data-id=\"9d34f67\" data-element_type=\"widget\" data-e-type=\"widget\" data-widget_type=\"icon-list.default\">\n\t\t\t\t<div class=\"elementor-widget-container\">\n\t\t\t\t\t\t\t<ul class=\"elementor-icon-list-items\">\n\t\t\t\t\t\t\t<li class=\"elementor-icon-list-item\">\n\t\t\t\t\t\t\t\t\t\t\t<span class=\"elementor-icon-list-icon\">\n\t\t\t\t\t\t\t<i aria-hidden=\"true\" class=\"fas fa-chevron-right\"><\/i>\t\t\t\t\t\t<\/span>\n\t\t\t\t\t\t\t\t\t\t<span class=\"elementor-icon-list-text\">En aluminium<\/span>\n\t\t\t\t\t\t\t\t\t<\/li>\n\t\t\t\t\t\t\t\t<li class=\"elementor-icon-list-item\">\n\t\t\t\t\t\t\t\t\t\t\t<span class=\"elementor-icon-list-icon\">\n\t\t\t\t\t\t\t<i aria-hidden=\"true\" class=\"fas fa-chevron-right\"><\/i>\t\t\t\t\t\t<\/span>\n\t\t\t\t\t\t\t\t\t\t<span class=\"elementor-icon-list-text\">En acier galvanis\u00e9 peint<\/span>\n\t\t\t\t\t\t\t\t\t<\/li>\n\t\t\t\t\t\t\t\t<li class=\"elementor-icon-list-item\">\n\t\t\t\t\t\t\t\t\t\t\t<span class=\"elementor-icon-list-icon\">\n\t\t\t\t\t\t\t<i aria-hidden=\"true\" class=\"fas fa-chevron-right\"><\/i>\t\t\t\t\t\t<\/span>\n\t\t\t\t\t\t\t\t\t\t<span class=\"elementor-icon-list-text\">Avec panneaux d\u00e9coup\u00e9s plasma ou laser<\/span>\n\t\t\t\t\t\t\t\t\t<\/li>\n\t\t\t\t\t\t\t\t<li class=\"elementor-icon-list-item\">\n\t\t\t\t\t\t\t\t\t\t\t<span class=\"elementor-icon-list-icon\">\n\t\t\t\t\t\t\t<i aria-hidden=\"true\" class=\"fas fa-chevron-right\"><\/i>\t\t\t\t\t\t<\/span>\n\t\t\t\t\t\t\t\t\t\t<span class=\"elementor-icon-list-text\">Autres demandes particuli\u00e8res...<\/span>\n\t\t\t\t\t\t\t\t\t<\/li>\n\t\t\t\t\t\t<\/ul>\n\t\t\t\t\t\t<\/div>\n\t\t\t\t<\/div>\n\t\t\t\t<\/div>\n\t\t<div class=\"elementor-element elementor-element-026f674 e-con-full e-flex e-con e-child\" data-id=\"026f674\" data-element_type=\"container\" data-e-type=\"container\">\n\t\t<div class=\"elementor-element elementor-element-aa800cf e-flex e-con-boxed e-con e-child\" data-id=\"aa800cf\" data-element_type=\"container\" data-e-type=\"container\">\n\t\t\t\t\t<div class=\"e-con-inner\">\n\t\t\t\t<div class=\"elementor-element elementor-element-94cb9f4 elementor-widget__width-initial elementor-widget elementor-widget-image\" data-id=\"94cb9f4\" data-element_type=\"widget\" data-e-type=\"widget\" data-widget_type=\"image.default\">\n\t\t\t\t<div class=\"elementor-widget-container\">\n\t\t\t\t\t\t\t\t\t\t\t\t\t\t\t<img fetchpriority=\"high\" decoding=\"async\" width=\"600\" height=\"400\" src=\"https:\/\/egcm-caraibes.com\/wp-content\/uploads\/2023\/12\/noir.jpg\" class=\"attachment-large size-large wp-image-272\" alt=\"\" srcset=\"https:\/\/egcm-caraibes.com\/wp-content\/uploads\/2023\/12\/noir.jpg 600w, https:\/\/egcm-caraibes.com\/wp-content\/uploads\/2023\/12\/noir-300x200.jpg 300w, https:\/\/egcm-caraibes.com\/wp-content\/uploads\/2023\/12\/noir-400x267.jpg 400w\" sizes=\"(max-width: 600px) 100vw, 600px\" \/>\t\t\t\t\t\t\t\t\t\t\t\t\t\t\t<\/div>\n\t\t\t\t<\/div>\n\t\t\t\t\t<\/div>\n\t\t\t\t<\/div>\n\t\t\t\t<\/div>\n\t\t\t\t\t<\/div>\n\t\t\t\t<\/div>\n\t\t<div class=\"elementor-element elementor-element-3206dc4 e-flex e-con-boxed e-con e-parent\" data-id=\"3206dc4\" data-element_type=\"container\" data-e-type=\"container\">\n\t\t\t\t\t<div class=\"e-con-inner\">\n\t\t<div class=\"elementor-element elementor-element-d1811da e-con-full e-flex e-con e-child\" data-id=\"d1811da\" data-element_type=\"container\" data-e-type=\"container\">\n\t\t\t\t<div class=\"elementor-element elementor-element-fafbf64 elementor-widget elementor-widget-image\" data-id=\"fafbf64\" data-element_type=\"widget\" data-e-type=\"widget\" data-widget_type=\"image.default\">\n\t\t\t\t<div class=\"elementor-widget-container\">\n\t\t\t\t\t\t\t\t\t\t\t\t\t\t\t<img decoding=\"async\" width=\"500\" height=\"385\" src=\"https:\/\/egcm-caraibes.com\/wp-content\/uploads\/2023\/12\/galva-1.jpg\" class=\"attachment-large size-large wp-image-282\" alt=\"\" srcset=\"https:\/\/egcm-caraibes.com\/wp-content\/uploads\/2023\/12\/galva-1.jpg 500w, https:\/\/egcm-caraibes.com\/wp-content\/uploads\/2023\/12\/galva-1-300x231.jpg 300w, https:\/\/egcm-caraibes.com\/wp-content\/uploads\/2023\/12\/galva-1-400x308.jpg 400w\" sizes=\"(max-width: 500px) 100vw, 500px\" \/>\t\t\t\t\t\t\t\t\t\t\t\t\t\t\t<\/div>\n\t\t\t\t<\/div>\n\t\t\t\t<\/div>\n\t\t<div class=\"elementor-element elementor-element-173cd5e e-con-full e-flex e-con e-child\" data-id=\"173cd5e\" data-element_type=\"container\" data-e-type=\"container\">\n\t\t\t\t<div class=\"elementor-element elementor-element-dd902c1 elementor-widget__width-initial elementor-widget elementor-widget-image\" data-id=\"dd902c1\" data-element_type=\"widget\" data-e-type=\"widget\" data-widget_type=\"image.default\">\n\t\t\t\t<div class=\"elementor-widget-container\">\n\t\t\t\t\t\t\t\t\t\t\t\t\t\t\t<img decoding=\"async\" width=\"500\" height=\"385\" src=\"https:\/\/egcm-caraibes.com\/wp-content\/uploads\/2023\/12\/decoupe-plasma-1.jpg\" class=\"attachment-large size-large wp-image-283\" alt=\"\" srcset=\"https:\/\/egcm-caraibes.com\/wp-content\/uploads\/2023\/12\/decoupe-plasma-1.jpg 500w, https:\/\/egcm-caraibes.com\/wp-content\/uploads\/2023\/12\/decoupe-plasma-1-300x231.jpg 300w, https:\/\/egcm-caraibes.com\/wp-content\/uploads\/2023\/12\/decoupe-plasma-1-400x308.jpg 400w\" sizes=\"(max-width: 500px) 100vw, 500px\" \/>\t\t\t\t\t\t\t\t\t\t\t\t\t\t\t<\/div>\n\t\t\t\t<\/div>\n\t\t\t\t<\/div>\n\t\t\t\t\t<\/div>\n\t\t\t\t<\/div>\n\t\t<div class=\"elementor-element elementor-element-3202a98 e-flex e-con-boxed e-con e-parent\" data-id=\"3202a98\" data-element_type=\"container\" data-e-type=\"container\">\n\t\t\t\t\t<div class=\"e-con-inner\">\n\t\t\t\t<div class=\"elementor-element elementor-element-114c38b elementor-widget elementor-widget-text-editor\" data-id=\"114c38b\" data-element_type=\"widget\" data-e-type=\"widget\" data-widget_type=\"text-editor.default\">\n\t\t\t\t<div class=\"elementor-widget-container\">\n\t\t\t\t\t\t\t\t\t<p><span style=\"color: #e75903;\">EGCM CARAIBES <\/span> \u00a0travaille sur plan ou se d\u00e9place sur site afin de faire une \u00e9tude sur place. Vous disposez ainsi d\u2019une fabrication de pi\u00e8ce sur mesure et adapt\u00e9e \u00e0 vos besoins !<\/p>\t\t\t\t\t\t\t\t<\/div>\n\t\t\t\t<\/div>\n\t\t\t\t\t<\/div>\n\t\t\t\t<\/div>\n\t\t\t\t<\/div>\n\t\t","protected":false},"excerpt":{"rendered":"<p>Faites appel \u00e0 la soci\u00e9t\u00e9 EGCM CARAIBES pour r\u00e9aliser vos projets de garde-corps sur mesure et qui vous conviendra au mieux. EGCM CARAIBES vous propose des solutions adapt\u00e9es \u00e0\u00a0 votre&hellip;<a href=\"https:\/\/egcm-caraibes.com\/index.php\/garde-corps\/\" class=\"more-link\"><span class=\"more-button\">Continue reading<span class=\"screen-reader-text\">Garde-corps<\/span><\/span><\/a><\/p>\n","protected":false},"author":1,"featured_media":0,"parent":0,"menu_order":0,"comment_status":"closed","ping_status":"closed","template":"","meta":{"footnotes":""},"class_list":["post-186","page","type-page","status-publish","hentry"],"yoast_head":"<!-- This site is optimized with the Yoast SEO plugin v27.4 - https:\/\/yoast.com\/product\/yoast-seo-wordpress\/ -->\n<title>Garde-corps - EGCM Caraibes<\/title>\n<meta name=\"robots\" content=\"index, follow, max-snippet:-1, max-image-preview:large, max-video-preview:-1\" \/>\n<link rel=\"canonical\" href=\"https:\/\/egcm-caraibes.com\/index.php\/garde-corps\/\" \/>\n<meta property=\"og:locale\" content=\"fr_FR\" \/>\n<meta property=\"og:type\" content=\"article\" \/>\n<meta property=\"og:title\" content=\"Garde-corps - EGCM Caraibes\" \/>\n<meta property=\"og:description\" content=\"Faites appel \u00e0 la soci\u00e9t\u00e9 EGCM CARAIBES pour r\u00e9aliser vos projets de garde-corps sur mesure et qui vous conviendra au mieux. EGCM CARAIBES vous propose des solutions adapt\u00e9es \u00e0\u00a0 votre&hellip;Continue readingGarde-corps\" \/>\n<meta property=\"og:url\" content=\"https:\/\/egcm-caraibes.com\/index.php\/garde-corps\/\" \/>\n<meta property=\"og:site_name\" content=\"EGCM Caraibes\" \/>\n<meta property=\"article:publisher\" content=\"https:\/\/www.facebook.com\/egcm.caraibes\/\" \/>\n<meta property=\"article:modified_time\" content=\"2023-12-15T20:50:20+00:00\" \/>\n<meta property=\"og:image\" content=\"http:\/\/egcm-caraibes.com\/wp-content\/uploads\/2023\/12\/noir.jpg\" \/>\n<meta name=\"twitter:card\" content=\"summary_large_image\" \/>\n<meta name=\"twitter:label1\" content=\"Dur\u00e9e de lecture estim\u00e9e\" \/>\n\t<meta name=\"twitter:data1\" content=\"1 minute\" \/>\n<script type=\"application\/ld+json\" class=\"yoast-schema-graph\">{\"@context\":\"https:\\\/\\\/schema.org\",\"@graph\":[{\"@type\":\"WebPage\",\"@id\":\"https:\\\/\\\/egcm-caraibes.com\\\/index.php\\\/garde-corps\\\/\",\"url\":\"https:\\\/\\\/egcm-caraibes.com\\\/index.php\\\/garde-corps\\\/\",\"name\":\"Garde-corps - EGCM Caraibes\",\"isPartOf\":{\"@id\":\"https:\\\/\\\/egcm-caraibes.com\\\/#website\"},\"primaryImageOfPage\":{\"@id\":\"https:\\\/\\\/egcm-caraibes.com\\\/index.php\\\/garde-corps\\\/#primaryimage\"},\"image\":{\"@id\":\"https:\\\/\\\/egcm-caraibes.com\\\/index.php\\\/garde-corps\\\/#primaryimage\"},\"thumbnailUrl\":\"http:\\\/\\\/egcm-caraibes.com\\\/wp-content\\\/uploads\\\/2023\\\/12\\\/noir.jpg\",\"datePublished\":\"2023-12-13T15:59:02+00:00\",\"dateModified\":\"2023-12-15T20:50:20+00:00\",\"breadcrumb\":{\"@id\":\"https:\\\/\\\/egcm-caraibes.com\\\/index.php\\\/garde-corps\\\/#breadcrumb\"},\"inLanguage\":\"fr-FR\",\"potentialAction\":[{\"@type\":\"ReadAction\",\"target\":[\"https:\\\/\\\/egcm-caraibes.com\\\/index.php\\\/garde-corps\\\/\"]}]},{\"@type\":\"ImageObject\",\"inLanguage\":\"fr-FR\",\"@id\":\"https:\\\/\\\/egcm-caraibes.com\\\/index.php\\\/garde-corps\\\/#primaryimage\",\"url\":\"http:\\\/\\\/egcm-caraibes.com\\\/wp-content\\\/uploads\\\/2023\\\/12\\\/noir.jpg\",\"contentUrl\":\"http:\\\/\\\/egcm-caraibes.com\\\/wp-content\\\/uploads\\\/2023\\\/12\\\/noir.jpg\"},{\"@type\":\"BreadcrumbList\",\"@id\":\"https:\\\/\\\/egcm-caraibes.com\\\/index.php\\\/garde-corps\\\/#breadcrumb\",\"itemListElement\":[{\"@type\":\"ListItem\",\"position\":1,\"name\":\"Accueil\",\"item\":\"https:\\\/\\\/egcm-caraibes.com\\\/\"},{\"@type\":\"ListItem\",\"position\":2,\"name\":\"Garde-corps\"}]},{\"@type\":\"WebSite\",\"@id\":\"https:\\\/\\\/egcm-caraibes.com\\\/#website\",\"url\":\"https:\\\/\\\/egcm-caraibes.com\\\/\",\"name\":\"EGCM Caraibes\",\"description\":\"M\u00e9tallerie - Serrurerie\",\"publisher\":{\"@id\":\"https:\\\/\\\/egcm-caraibes.com\\\/#organization\"},\"potentialAction\":[{\"@type\":\"SearchAction\",\"target\":{\"@type\":\"EntryPoint\",\"urlTemplate\":\"https:\\\/\\\/egcm-caraibes.com\\\/?s={search_term_string}\"},\"query-input\":{\"@type\":\"PropertyValueSpecification\",\"valueRequired\":true,\"valueName\":\"search_term_string\"}}],\"inLanguage\":\"fr-FR\"},{\"@type\":\"Organization\",\"@id\":\"https:\\\/\\\/egcm-caraibes.com\\\/#organization\",\"name\":\"EGCM Caraibes\",\"url\":\"https:\\\/\\\/egcm-caraibes.com\\\/\",\"logo\":{\"@type\":\"ImageObject\",\"inLanguage\":\"fr-FR\",\"@id\":\"https:\\\/\\\/egcm-caraibes.com\\\/#\\\/schema\\\/logo\\\/image\\\/\",\"url\":\"https:\\\/\\\/egcm-caraibes.com\\\/wp-content\\\/uploads\\\/2023\\\/12\\\/logo.png\",\"contentUrl\":\"https:\\\/\\\/egcm-caraibes.com\\\/wp-content\\\/uploads\\\/2023\\\/12\\\/logo.png\",\"width\":59,\"height\":709,\"caption\":\"EGCM Caraibes\"},\"image\":{\"@id\":\"https:\\\/\\\/egcm-caraibes.com\\\/#\\\/schema\\\/logo\\\/image\\\/\"},\"sameAs\":[\"https:\\\/\\\/www.facebook.com\\\/egcm.caraibes\\\/\"]}]}<\/script>\n<!-- \/ Yoast SEO plugin. -->","yoast_head_json":{"title":"Garde-corps - EGCM Caraibes","robots":{"index":"index","follow":"follow","max-snippet":"max-snippet:-1","max-image-preview":"max-image-preview:large","max-video-preview":"max-video-preview:-1"},"canonical":"https:\/\/egcm-caraibes.com\/index.php\/garde-corps\/","og_locale":"fr_FR","og_type":"article","og_title":"Garde-corps - EGCM Caraibes","og_description":"Faites appel \u00e0 la soci\u00e9t\u00e9 EGCM CARAIBES pour r\u00e9aliser vos projets de garde-corps sur mesure et qui vous conviendra au mieux. EGCM CARAIBES vous propose des solutions adapt\u00e9es \u00e0\u00a0 votre&hellip;Continue readingGarde-corps","og_url":"https:\/\/egcm-caraibes.com\/index.php\/garde-corps\/","og_site_name":"EGCM Caraibes","article_publisher":"https:\/\/www.facebook.com\/egcm.caraibes\/","article_modified_time":"2023-12-15T20:50:20+00:00","og_image":[{"url":"http:\/\/egcm-caraibes.com\/wp-content\/uploads\/2023\/12\/noir.jpg","type":"","width":"","height":""}],"twitter_card":"summary_large_image","twitter_misc":{"Dur\u00e9e de lecture estim\u00e9e":"1 minute"},"schema":{"@context":"https:\/\/schema.org","@graph":[{"@type":"WebPage","@id":"https:\/\/egcm-caraibes.com\/index.php\/garde-corps\/","url":"https:\/\/egcm-caraibes.com\/index.php\/garde-corps\/","name":"Garde-corps - EGCM Caraibes","isPartOf":{"@id":"https:\/\/egcm-caraibes.com\/#website"},"primaryImageOfPage":{"@id":"https:\/\/egcm-caraibes.com\/index.php\/garde-corps\/#primaryimage"},"image":{"@id":"https:\/\/egcm-caraibes.com\/index.php\/garde-corps\/#primaryimage"},"thumbnailUrl":"http:\/\/egcm-caraibes.com\/wp-content\/uploads\/2023\/12\/noir.jpg","datePublished":"2023-12-13T15:59:02+00:00","dateModified":"2023-12-15T20:50:20+00:00","breadcrumb":{"@id":"https:\/\/egcm-caraibes.com\/index.php\/garde-corps\/#breadcrumb"},"inLanguage":"fr-FR","potentialAction":[{"@type":"ReadAction","target":["https:\/\/egcm-caraibes.com\/index.php\/garde-corps\/"]}]},{"@type":"ImageObject","inLanguage":"fr-FR","@id":"https:\/\/egcm-caraibes.com\/index.php\/garde-corps\/#primaryimage","url":"http:\/\/egcm-caraibes.com\/wp-content\/uploads\/2023\/12\/noir.jpg","contentUrl":"http:\/\/egcm-caraibes.com\/wp-content\/uploads\/2023\/12\/noir.jpg"},{"@type":"BreadcrumbList","@id":"https:\/\/egcm-caraibes.com\/index.php\/garde-corps\/#breadcrumb","itemListElement":[{"@type":"ListItem","position":1,"name":"Accueil","item":"https:\/\/egcm-caraibes.com\/"},{"@type":"ListItem","position":2,"name":"Garde-corps"}]},{"@type":"WebSite","@id":"https:\/\/egcm-caraibes.com\/#website","url":"https:\/\/egcm-caraibes.com\/","name":"EGCM Caraibes","description":"M\u00e9tallerie - Serrurerie","publisher":{"@id":"https:\/\/egcm-caraibes.com\/#organization"},"potentialAction":[{"@type":"SearchAction","target":{"@type":"EntryPoint","urlTemplate":"https:\/\/egcm-caraibes.com\/?s={search_term_string}"},"query-input":{"@type":"PropertyValueSpecification","valueRequired":true,"valueName":"search_term_string"}}],"inLanguage":"fr-FR"},{"@type":"Organization","@id":"https:\/\/egcm-caraibes.com\/#organization","name":"EGCM Caraibes","url":"https:\/\/egcm-caraibes.com\/","logo":{"@type":"ImageObject","inLanguage":"fr-FR","@id":"https:\/\/egcm-caraibes.com\/#\/schema\/logo\/image\/","url":"https:\/\/egcm-caraibes.com\/wp-content\/uploads\/2023\/12\/logo.png","contentUrl":"https:\/\/egcm-caraibes.com\/wp-content\/uploads\/2023\/12\/logo.png","width":59,"height":709,"caption":"EGCM Caraibes"},"image":{"@id":"https:\/\/egcm-caraibes.com\/#\/schema\/logo\/image\/"},"sameAs":["https:\/\/www.facebook.com\/egcm.caraibes\/"]}]}},"_links":{"self":[{"href":"https:\/\/egcm-caraibes.com\/index.php\/wp-json\/wp\/v2\/pages\/186","targetHints":{"allow":["GET"]}}],"collection":[{"href":"https:\/\/egcm-caraibes.com\/index.php\/wp-json\/wp\/v2\/pages"}],"about":[{"href":"https:\/\/egcm-caraibes.com\/index.php\/wp-json\/wp\/v2\/types\/page"}],"author":[{"embeddable":true,"href":"https:\/\/egcm-caraibes.com\/index.php\/wp-json\/wp\/v2\/users\/1"}],"replies":[{"embeddable":true,"href":"https:\/\/egcm-caraibes.com\/index.php\/wp-json\/wp\/v2\/comments?post=186"}],"version-history":[{"count":17,"href":"https:\/\/egcm-caraibes.com\/index.php\/wp-json\/wp\/v2\/pages\/186\/revisions"}],"predecessor-version":[{"id":413,"href":"https:\/\/egcm-caraibes.com\/index.php\/wp-json\/wp\/v2\/pages\/186\/revisions\/413"}],"wp:attachment":[{"href":"https:\/\/egcm-caraibes.com\/index.php\/wp-json\/wp\/v2\/media?parent=186"}],"curies":[{"name":"wp","href":"https:\/\/api.w.org\/{rel}","templated":true}]}}