{"id":189,"date":"2023-12-13T12:01:14","date_gmt":"2023-12-13T16:01:14","guid":{"rendered":"https:\/\/egcm-caraibes.com\/?page_id=189"},"modified":"2023-12-14T18:42:20","modified_gmt":"2023-12-14T22:42:20","slug":"fabrication-de-pieces-industrielles","status":"publish","type":"page","link":"https:\/\/egcm-caraibes.com\/index.php\/fabrication-de-pieces-industrielles\/","title":{"rendered":"Fabrication de pi\u00e8ces industrielles"},"content":{"rendered":"\t\t<div data-elementor-type=\"wp-page\" data-elementor-id=\"189\" class=\"elementor elementor-189\">\n\t\t\t\t<div class=\"elementor-element elementor-element-592e719 e-flex e-con-boxed e-con e-parent\" data-id=\"592e719\" data-element_type=\"container\" data-e-type=\"container\">\n\t\t\t\t\t<div class=\"e-con-inner\">\n\t\t<div class=\"elementor-element elementor-element-c100aac e-con-full e-flex e-con e-child\" data-id=\"c100aac\" data-element_type=\"container\" data-e-type=\"container\">\n\t\t\t\t<div class=\"elementor-element elementor-element-0233fe3 elementor-widget elementor-widget-heading\" data-id=\"0233fe3\" data-element_type=\"widget\" data-e-type=\"widget\" data-widget_type=\"heading.default\">\n\t\t\t\t<div class=\"elementor-widget-container\">\n\t\t\t\t\t<p class=\"elementor-heading-title elementor-size-medium\">Faites appel aux services de la soci\u00e9t\u00e9 EGCM Caraibes pour la conception de vos pi\u00e8ces industrielles sur mesure<\/p>\t\t\t\t<\/div>\n\t\t\t\t<\/div>\n\t\t\t\t<div class=\"elementor-element elementor-element-6c42b36 elementor-widget elementor-widget-text-editor\" data-id=\"6c42b36\" data-element_type=\"widget\" data-e-type=\"widget\" data-widget_type=\"text-editor.default\">\n\t\t\t\t<div class=\"elementor-widget-container\">\n\t\t\t\t\t\t\t\t\t<p><span style=\"color: #e75903;\">EGCM CARAIBES<\/span> se tient au service des professionnels pour proposer des solutions conformes \u00e0 leurs attentes<\/p>\t\t\t\t\t\t\t\t<\/div>\n\t\t\t\t<\/div>\n\t\t\t\t<div class=\"elementor-element elementor-element-d5785e2 elementor-icon-list--layout-traditional elementor-list-item-link-full_width elementor-widget elementor-widget-icon-list\" data-id=\"d5785e2\" data-element_type=\"widget\" data-e-type=\"widget\" data-widget_type=\"icon-list.default\">\n\t\t\t\t<div class=\"elementor-widget-container\">\n\t\t\t\t\t\t\t<ul class=\"elementor-icon-list-items\">\n\t\t\t\t\t\t\t<li class=\"elementor-icon-list-item\">\n\t\t\t\t\t\t\t\t\t\t\t<span class=\"elementor-icon-list-icon\">\n\t\t\t\t\t\t\t<i aria-hidden=\"true\" class=\"fas fa-chevron-right\"><\/i>\t\t\t\t\t\t<\/span>\n\t\t\t\t\t\t\t\t\t\t<span class=\"elementor-icon-list-text\">Pi\u00e8ces industrielles<\/span>\n\t\t\t\t\t\t\t\t\t<\/li>\n\t\t\t\t\t\t\t\t<li class=\"elementor-icon-list-item\">\n\t\t\t\t\t\t\t\t\t\t\t<span class=\"elementor-icon-list-icon\">\n\t\t\t\t\t\t\t<i aria-hidden=\"true\" class=\"fas fa-chevron-right\"><\/i>\t\t\t\t\t\t<\/span>\n\t\t\t\t\t\t\t\t\t\t<span class=\"elementor-icon-list-text\">Divers...<\/span>\n\t\t\t\t\t\t\t\t\t<\/li>\n\t\t\t\t\t\t\t\t<li class=\"elementor-icon-list-item\">\n\t\t\t\t\t\t\t\t\t\t\t<span class=\"elementor-icon-list-icon\">\n\t\t\t\t\t\t\t<i aria-hidden=\"true\" class=\"fas fa-chevron-right\"><\/i>\t\t\t\t\t\t<\/span>\n\t\t\t\t\t\t\t\t\t\t<span class=\"elementor-icon-list-text\">Tuyauterie<\/span>\n\t\t\t\t\t\t\t\t\t<\/li>\n\t\t\t\t\t\t<\/ul>\n\t\t\t\t\t\t<\/div>\n\t\t\t\t<\/div>\n\t\t\t\t<\/div>\n\t\t<div class=\"elementor-element elementor-element-b78f3fe e-con-full e-flex e-con e-child\" data-id=\"b78f3fe\" data-element_type=\"container\" data-e-type=\"container\">\n\t\t\t\t<div class=\"elementor-element elementor-element-6b9fe49 elementor-widget__width-initial elementor-widget elementor-widget-image\" data-id=\"6b9fe49\" data-element_type=\"widget\" data-e-type=\"widget\" data-widget_type=\"image.default\">\n\t\t\t\t<div class=\"elementor-widget-container\">\n\t\t\t\t\t\t\t\t\t\t\t\t\t\t\t<img fetchpriority=\"high\" decoding=\"async\" width=\"999\" height=\"720\" src=\"https:\/\/egcm-caraibes.com\/wp-content\/uploads\/2023\/12\/IMG-20231213-WA0009-r.jpg\" class=\"attachment-large size-large wp-image-247\" alt=\"\" srcset=\"https:\/\/egcm-caraibes.com\/wp-content\/uploads\/2023\/12\/IMG-20231213-WA0009-r.jpg 999w, https:\/\/egcm-caraibes.com\/wp-content\/uploads\/2023\/12\/IMG-20231213-WA0009-r-300x216.jpg 300w, https:\/\/egcm-caraibes.com\/wp-content\/uploads\/2023\/12\/IMG-20231213-WA0009-r-768x554.jpg 768w, https:\/\/egcm-caraibes.com\/wp-content\/uploads\/2023\/12\/IMG-20231213-WA0009-r-825x595.jpg 825w, https:\/\/egcm-caraibes.com\/wp-content\/uploads\/2023\/12\/IMG-20231213-WA0009-r-600x432.jpg 600w, https:\/\/egcm-caraibes.com\/wp-content\/uploads\/2023\/12\/IMG-20231213-WA0009-r-400x288.jpg 400w\" sizes=\"(max-width: 999px) 100vw, 999px\" \/>\t\t\t\t\t\t\t\t\t\t\t\t\t\t\t<\/div>\n\t\t\t\t<\/div>\n\t\t\t\t<\/div>\n\t\t<div class=\"elementor-element elementor-element-7777fbd e-con-full e-flex e-con e-child\" data-id=\"7777fbd\" data-element_type=\"container\" data-e-type=\"container\">\n\t\t\t\t<div class=\"elementor-element elementor-element-945d7ea elementor-widget__width-initial elementor-widget elementor-widget-image\" data-id=\"945d7ea\" data-element_type=\"widget\" data-e-type=\"widget\" data-widget_type=\"image.default\">\n\t\t\t\t<div class=\"elementor-widget-container\">\n\t\t\t\t\t\t\t\t\t\t\t\t\t\t\t<img decoding=\"async\" width=\"1024\" height=\"768\" src=\"https:\/\/egcm-caraibes.com\/wp-content\/uploads\/2023\/12\/IMG_20231207_141549-1024x768.jpg\" class=\"attachment-large size-large wp-image-209\" alt=\"\" srcset=\"https:\/\/egcm-caraibes.com\/wp-content\/uploads\/2023\/12\/IMG_20231207_141549-1024x768.jpg 1024w, https:\/\/egcm-caraibes.com\/wp-content\/uploads\/2023\/12\/IMG_20231207_141549-300x225.jpg 300w, https:\/\/egcm-caraibes.com\/wp-content\/uploads\/2023\/12\/IMG_20231207_141549-768x576.jpg 768w, https:\/\/egcm-caraibes.com\/wp-content\/uploads\/2023\/12\/IMG_20231207_141549-1536x1152.jpg 1536w, https:\/\/egcm-caraibes.com\/wp-content\/uploads\/2023\/12\/IMG_20231207_141549-2048x1536.jpg 2048w, https:\/\/egcm-caraibes.com\/wp-content\/uploads\/2023\/12\/IMG_20231207_141549-825x620.jpg 825w, https:\/\/egcm-caraibes.com\/wp-content\/uploads\/2023\/12\/IMG_20231207_141549-1333x1000.jpg 1333w, https:\/\/egcm-caraibes.com\/wp-content\/uploads\/2023\/12\/IMG_20231207_141549-600x450.jpg 600w, https:\/\/egcm-caraibes.com\/wp-content\/uploads\/2023\/12\/IMG_20231207_141549-400x300.jpg 400w\" sizes=\"(max-width: 1024px) 100vw, 1024px\" \/>\t\t\t\t\t\t\t\t\t\t\t\t\t\t\t<\/div>\n\t\t\t\t<\/div>\n\t\t\t\t<\/div>\n\t\t\t\t\t<\/div>\n\t\t\t\t<\/div>\n\t\t<div class=\"elementor-element elementor-element-428adbb e-flex e-con-boxed e-con e-parent\" data-id=\"428adbb\" data-element_type=\"container\" data-e-type=\"container\">\n\t\t\t\t\t<div class=\"e-con-inner\">\n\t\t\t\t<div class=\"elementor-element elementor-element-9e0978a elementor-widget elementor-widget-text-editor\" data-id=\"9e0978a\" data-element_type=\"widget\" data-e-type=\"widget\" data-widget_type=\"text-editor.default\">\n\t\t\t\t<div class=\"elementor-widget-container\">\n\t\t\t\t\t\t\t\t\t<span style=\"color:#E75903\">EGCM CARAIBES<\/span> travaille sur plan ou se d\u00e9place sur site afin de faire une \u00e9tude sur place. Vous disposez ainsi d\u2019une fabrication de pi\u00e8ce sur mesure et adapt\u00e9e \u00e0 vos besoins !\t\t\t\t\t\t\t\t<\/div>\n\t\t\t\t<\/div>\n\t\t\t\t\t<\/div>\n\t\t\t\t<\/div>\n\t\t\t\t<\/div>\n\t\t","protected":false},"excerpt":{"rendered":"<p>Faites appel aux services de la soci\u00e9t\u00e9 EGCM Caraibes pour la conception de vos pi\u00e8ces industrielles sur mesure EGCM CARAIBES se tient au service des professionnels pour proposer des solutions&hellip;<a href=\"https:\/\/egcm-caraibes.com\/index.php\/fabrication-de-pieces-industrielles\/\" class=\"more-link\"><span class=\"more-button\">Continue reading<span class=\"screen-reader-text\">Fabrication de pi\u00e8ces industrielles<\/span><\/span><\/a><\/p>\n","protected":false},"author":1,"featured_media":0,"parent":0,"menu_order":0,"comment_status":"closed","ping_status":"closed","template":"","meta":{"footnotes":""},"class_list":["post-189","page","type-page","status-publish","hentry"],"yoast_head":"<!-- This site is optimized with the Yoast SEO plugin v27.4 - https:\/\/yoast.com\/product\/yoast-seo-wordpress\/ -->\n<title>Fabrication de pi\u00e8ces industrielles - EGCM Caraibes<\/title>\n<meta name=\"robots\" content=\"index, follow, max-snippet:-1, max-image-preview:large, max-video-preview:-1\" \/>\n<link rel=\"canonical\" href=\"https:\/\/egcm-caraibes.com\/index.php\/fabrication-de-pieces-industrielles\/\" \/>\n<meta property=\"og:locale\" content=\"fr_FR\" \/>\n<meta property=\"og:type\" content=\"article\" \/>\n<meta property=\"og:title\" content=\"Fabrication de pi\u00e8ces industrielles - EGCM Caraibes\" \/>\n<meta property=\"og:description\" content=\"Faites appel aux services de la soci\u00e9t\u00e9 EGCM Caraibes pour la conception de vos pi\u00e8ces industrielles sur mesure EGCM CARAIBES se tient au service des professionnels pour proposer des solutions&hellip;Continue readingFabrication de pi\u00e8ces industrielles\" \/>\n<meta property=\"og:url\" content=\"https:\/\/egcm-caraibes.com\/index.php\/fabrication-de-pieces-industrielles\/\" \/>\n<meta property=\"og:site_name\" content=\"EGCM Caraibes\" \/>\n<meta property=\"article:publisher\" content=\"https:\/\/www.facebook.com\/egcm.caraibes\/\" \/>\n<meta property=\"article:modified_time\" content=\"2023-12-14T22:42:20+00:00\" \/>\n<meta property=\"og:image\" content=\"http:\/\/egcm-caraibes.com\/wp-content\/uploads\/2023\/12\/IMG-20231213-WA0009-r.jpg\" \/>\n<meta name=\"twitter:card\" content=\"summary_large_image\" \/>\n<meta name=\"twitter:label1\" content=\"Dur\u00e9e de lecture estim\u00e9e\" \/>\n\t<meta name=\"twitter:data1\" content=\"1 minute\" \/>\n<script type=\"application\/ld+json\" class=\"yoast-schema-graph\">{\"@context\":\"https:\\\/\\\/schema.org\",\"@graph\":[{\"@type\":\"WebPage\",\"@id\":\"https:\\\/\\\/egcm-caraibes.com\\\/index.php\\\/fabrication-de-pieces-industrielles\\\/\",\"url\":\"https:\\\/\\\/egcm-caraibes.com\\\/index.php\\\/fabrication-de-pieces-industrielles\\\/\",\"name\":\"Fabrication de pi\u00e8ces industrielles - EGCM Caraibes\",\"isPartOf\":{\"@id\":\"https:\\\/\\\/egcm-caraibes.com\\\/#website\"},\"primaryImageOfPage\":{\"@id\":\"https:\\\/\\\/egcm-caraibes.com\\\/index.php\\\/fabrication-de-pieces-industrielles\\\/#primaryimage\"},\"image\":{\"@id\":\"https:\\\/\\\/egcm-caraibes.com\\\/index.php\\\/fabrication-de-pieces-industrielles\\\/#primaryimage\"},\"thumbnailUrl\":\"http:\\\/\\\/egcm-caraibes.com\\\/wp-content\\\/uploads\\\/2023\\\/12\\\/IMG-20231213-WA0009-r.jpg\",\"datePublished\":\"2023-12-13T16:01:14+00:00\",\"dateModified\":\"2023-12-14T22:42:20+00:00\",\"breadcrumb\":{\"@id\":\"https:\\\/\\\/egcm-caraibes.com\\\/index.php\\\/fabrication-de-pieces-industrielles\\\/#breadcrumb\"},\"inLanguage\":\"fr-FR\",\"potentialAction\":[{\"@type\":\"ReadAction\",\"target\":[\"https:\\\/\\\/egcm-caraibes.com\\\/index.php\\\/fabrication-de-pieces-industrielles\\\/\"]}]},{\"@type\":\"ImageObject\",\"inLanguage\":\"fr-FR\",\"@id\":\"https:\\\/\\\/egcm-caraibes.com\\\/index.php\\\/fabrication-de-pieces-industrielles\\\/#primaryimage\",\"url\":\"http:\\\/\\\/egcm-caraibes.com\\\/wp-content\\\/uploads\\\/2023\\\/12\\\/IMG-20231213-WA0009-r.jpg\",\"contentUrl\":\"http:\\\/\\\/egcm-caraibes.com\\\/wp-content\\\/uploads\\\/2023\\\/12\\\/IMG-20231213-WA0009-r.jpg\"},{\"@type\":\"BreadcrumbList\",\"@id\":\"https:\\\/\\\/egcm-caraibes.com\\\/index.php\\\/fabrication-de-pieces-industrielles\\\/#breadcrumb\",\"itemListElement\":[{\"@type\":\"ListItem\",\"position\":1,\"name\":\"Accueil\",\"item\":\"https:\\\/\\\/egcm-caraibes.com\\\/\"},{\"@type\":\"ListItem\",\"position\":2,\"name\":\"Fabrication de pi\u00e8ces industrielles\"}]},{\"@type\":\"WebSite\",\"@id\":\"https:\\\/\\\/egcm-caraibes.com\\\/#website\",\"url\":\"https:\\\/\\\/egcm-caraibes.com\\\/\",\"name\":\"EGCM Caraibes\",\"description\":\"M\u00e9tallerie - Serrurerie\",\"publisher\":{\"@id\":\"https:\\\/\\\/egcm-caraibes.com\\\/#organization\"},\"potentialAction\":[{\"@type\":\"SearchAction\",\"target\":{\"@type\":\"EntryPoint\",\"urlTemplate\":\"https:\\\/\\\/egcm-caraibes.com\\\/?s={search_term_string}\"},\"query-input\":{\"@type\":\"PropertyValueSpecification\",\"valueRequired\":true,\"valueName\":\"search_term_string\"}}],\"inLanguage\":\"fr-FR\"},{\"@type\":\"Organization\",\"@id\":\"https:\\\/\\\/egcm-caraibes.com\\\/#organization\",\"name\":\"EGCM Caraibes\",\"url\":\"https:\\\/\\\/egcm-caraibes.com\\\/\",\"logo\":{\"@type\":\"ImageObject\",\"inLanguage\":\"fr-FR\",\"@id\":\"https:\\\/\\\/egcm-caraibes.com\\\/#\\\/schema\\\/logo\\\/image\\\/\",\"url\":\"https:\\\/\\\/egcm-caraibes.com\\\/wp-content\\\/uploads\\\/2023\\\/12\\\/logo.png\",\"contentUrl\":\"https:\\\/\\\/egcm-caraibes.com\\\/wp-content\\\/uploads\\\/2023\\\/12\\\/logo.png\",\"width\":59,\"height\":709,\"caption\":\"EGCM Caraibes\"},\"image\":{\"@id\":\"https:\\\/\\\/egcm-caraibes.com\\\/#\\\/schema\\\/logo\\\/image\\\/\"},\"sameAs\":[\"https:\\\/\\\/www.facebook.com\\\/egcm.caraibes\\\/\"]}]}<\/script>\n<!-- \/ Yoast SEO plugin. -->","yoast_head_json":{"title":"Fabrication de pi\u00e8ces industrielles - EGCM Caraibes","robots":{"index":"index","follow":"follow","max-snippet":"max-snippet:-1","max-image-preview":"max-image-preview:large","max-video-preview":"max-video-preview:-1"},"canonical":"https:\/\/egcm-caraibes.com\/index.php\/fabrication-de-pieces-industrielles\/","og_locale":"fr_FR","og_type":"article","og_title":"Fabrication de pi\u00e8ces industrielles - EGCM Caraibes","og_description":"Faites appel aux services de la soci\u00e9t\u00e9 EGCM Caraibes pour la conception de vos pi\u00e8ces industrielles sur mesure EGCM CARAIBES se tient au service des professionnels pour proposer des solutions&hellip;Continue readingFabrication de pi\u00e8ces industrielles","og_url":"https:\/\/egcm-caraibes.com\/index.php\/fabrication-de-pieces-industrielles\/","og_site_name":"EGCM Caraibes","article_publisher":"https:\/\/www.facebook.com\/egcm.caraibes\/","article_modified_time":"2023-12-14T22:42:20+00:00","og_image":[{"url":"http:\/\/egcm-caraibes.com\/wp-content\/uploads\/2023\/12\/IMG-20231213-WA0009-r.jpg","type":"","width":"","height":""}],"twitter_card":"summary_large_image","twitter_misc":{"Dur\u00e9e de lecture estim\u00e9e":"1 minute"},"schema":{"@context":"https:\/\/schema.org","@graph":[{"@type":"WebPage","@id":"https:\/\/egcm-caraibes.com\/index.php\/fabrication-de-pieces-industrielles\/","url":"https:\/\/egcm-caraibes.com\/index.php\/fabrication-de-pieces-industrielles\/","name":"Fabrication de pi\u00e8ces industrielles - EGCM Caraibes","isPartOf":{"@id":"https:\/\/egcm-caraibes.com\/#website"},"primaryImageOfPage":{"@id":"https:\/\/egcm-caraibes.com\/index.php\/fabrication-de-pieces-industrielles\/#primaryimage"},"image":{"@id":"https:\/\/egcm-caraibes.com\/index.php\/fabrication-de-pieces-industrielles\/#primaryimage"},"thumbnailUrl":"http:\/\/egcm-caraibes.com\/wp-content\/uploads\/2023\/12\/IMG-20231213-WA0009-r.jpg","datePublished":"2023-12-13T16:01:14+00:00","dateModified":"2023-12-14T22:42:20+00:00","breadcrumb":{"@id":"https:\/\/egcm-caraibes.com\/index.php\/fabrication-de-pieces-industrielles\/#breadcrumb"},"inLanguage":"fr-FR","potentialAction":[{"@type":"ReadAction","target":["https:\/\/egcm-caraibes.com\/index.php\/fabrication-de-pieces-industrielles\/"]}]},{"@type":"ImageObject","inLanguage":"fr-FR","@id":"https:\/\/egcm-caraibes.com\/index.php\/fabrication-de-pieces-industrielles\/#primaryimage","url":"http:\/\/egcm-caraibes.com\/wp-content\/uploads\/2023\/12\/IMG-20231213-WA0009-r.jpg","contentUrl":"http:\/\/egcm-caraibes.com\/wp-content\/uploads\/2023\/12\/IMG-20231213-WA0009-r.jpg"},{"@type":"BreadcrumbList","@id":"https:\/\/egcm-caraibes.com\/index.php\/fabrication-de-pieces-industrielles\/#breadcrumb","itemListElement":[{"@type":"ListItem","position":1,"name":"Accueil","item":"https:\/\/egcm-caraibes.com\/"},{"@type":"ListItem","position":2,"name":"Fabrication de pi\u00e8ces industrielles"}]},{"@type":"WebSite","@id":"https:\/\/egcm-caraibes.com\/#website","url":"https:\/\/egcm-caraibes.com\/","name":"EGCM Caraibes","description":"M\u00e9tallerie - Serrurerie","publisher":{"@id":"https:\/\/egcm-caraibes.com\/#organization"},"potentialAction":[{"@type":"SearchAction","target":{"@type":"EntryPoint","urlTemplate":"https:\/\/egcm-caraibes.com\/?s={search_term_string}"},"query-input":{"@type":"PropertyValueSpecification","valueRequired":true,"valueName":"search_term_string"}}],"inLanguage":"fr-FR"},{"@type":"Organization","@id":"https:\/\/egcm-caraibes.com\/#organization","name":"EGCM Caraibes","url":"https:\/\/egcm-caraibes.com\/","logo":{"@type":"ImageObject","inLanguage":"fr-FR","@id":"https:\/\/egcm-caraibes.com\/#\/schema\/logo\/image\/","url":"https:\/\/egcm-caraibes.com\/wp-content\/uploads\/2023\/12\/logo.png","contentUrl":"https:\/\/egcm-caraibes.com\/wp-content\/uploads\/2023\/12\/logo.png","width":59,"height":709,"caption":"EGCM Caraibes"},"image":{"@id":"https:\/\/egcm-caraibes.com\/#\/schema\/logo\/image\/"},"sameAs":["https:\/\/www.facebook.com\/egcm.caraibes\/"]}]}},"_links":{"self":[{"href":"https:\/\/egcm-caraibes.com\/index.php\/wp-json\/wp\/v2\/pages\/189","targetHints":{"allow":["GET"]}}],"collection":[{"href":"https:\/\/egcm-caraibes.com\/index.php\/wp-json\/wp\/v2\/pages"}],"about":[{"href":"https:\/\/egcm-caraibes.com\/index.php\/wp-json\/wp\/v2\/types\/page"}],"author":[{"embeddable":true,"href":"https:\/\/egcm-caraibes.com\/index.php\/wp-json\/wp\/v2\/users\/1"}],"replies":[{"embeddable":true,"href":"https:\/\/egcm-caraibes.com\/index.php\/wp-json\/wp\/v2\/comments?post=189"}],"version-history":[{"count":38,"href":"https:\/\/egcm-caraibes.com\/index.php\/wp-json\/wp\/v2\/pages\/189\/revisions"}],"predecessor-version":[{"id":313,"href":"https:\/\/egcm-caraibes.com\/index.php\/wp-json\/wp\/v2\/pages\/189\/revisions\/313"}],"wp:attachment":[{"href":"https:\/\/egcm-caraibes.com\/index.php\/wp-json\/wp\/v2\/media?parent=189"}],"curies":[{"name":"wp","href":"https:\/\/api.w.org\/{rel}","templated":true}]}}