{"id":192,"date":"2023-12-13T12:02:38","date_gmt":"2023-12-13T16:02:38","guid":{"rendered":"https:\/\/egcm-caraibes.com\/?page_id=192"},"modified":"2023-12-15T16:49:47","modified_gmt":"2023-12-15T20:49:47","slug":"escaliers","status":"publish","type":"page","link":"https:\/\/egcm-caraibes.com\/index.php\/escaliers\/","title":{"rendered":"Escaliers"},"content":{"rendered":"\t\t<div data-elementor-type=\"wp-page\" data-elementor-id=\"192\" class=\"elementor elementor-192\">\n\t\t\t\t<div class=\"elementor-element elementor-element-16a806b e-flex e-con-boxed e-con e-parent\" data-id=\"16a806b\" data-element_type=\"container\" data-e-type=\"container\">\n\t\t\t\t\t<div class=\"e-con-inner\">\n\t\t\t\t<div class=\"elementor-element elementor-element-db31fb6 elementor-widget elementor-widget-text-editor\" data-id=\"db31fb6\" data-element_type=\"widget\" data-e-type=\"widget\" data-widget_type=\"text-editor.default\">\n\t\t\t\t<div class=\"elementor-widget-container\">\n\t\t\t\t\t\t\t\t\t<p>Vous&nbsp; recherchez une entreprise comp\u00e9tente pour r\u00e9aliser votre escalier ou tout autre \u00e9l\u00e9ment m\u00e9tallique en Guadeloupe?.<\/p>\t\t\t\t\t\t\t\t<\/div>\n\t\t\t\t<\/div>\n\t\t\t\t\t<\/div>\n\t\t\t\t<\/div>\n\t\t<div class=\"elementor-element elementor-element-05d4bfc e-flex e-con-boxed e-con e-parent\" data-id=\"05d4bfc\" data-element_type=\"container\" data-e-type=\"container\">\n\t\t\t\t\t<div class=\"e-con-inner\">\n\t\t\t\t<div class=\"elementor-element elementor-element-00c726c elementor-widget elementor-widget-heading\" data-id=\"00c726c\" data-element_type=\"widget\" data-e-type=\"widget\" data-widget_type=\"heading.default\">\n\t\t\t\t<div class=\"elementor-widget-container\">\n\t\t\t\t\t<h4 class=\"elementor-heading-title elementor-size-default\">Faites appel aux services de la soci\u00e9t\u00e9 EGCM CARAIBES pour vos escaliers et garde-corps m\u00e9talliques <\/h4>\t\t\t\t<\/div>\n\t\t\t\t<\/div>\n\t\t\t\t\t<\/div>\n\t\t\t\t<\/div>\n\t\t<div class=\"elementor-element elementor-element-f5fdf07 e-flex e-con-boxed e-con e-parent\" data-id=\"f5fdf07\" data-element_type=\"container\" data-e-type=\"container\">\n\t\t\t\t\t<div class=\"e-con-inner\">\n\t\t<div class=\"elementor-element elementor-element-7a07fcc e-con-full e-flex e-con e-child\" data-id=\"7a07fcc\" data-element_type=\"container\" data-e-type=\"container\">\n\t\t\t\t<div class=\"elementor-element elementor-element-d0dc3ab elementor-widget__width-initial elementor-widget elementor-widget-image\" data-id=\"d0dc3ab\" data-element_type=\"widget\" data-e-type=\"widget\" data-widget_type=\"image.default\">\n\t\t\t\t<div class=\"elementor-widget-container\">\n\t\t\t\t\t\t\t\t\t\t\t\t\t\t\t<img fetchpriority=\"high\" decoding=\"async\" width=\"1024\" height=\"768\" src=\"https:\/\/egcm-caraibes.com\/wp-content\/uploads\/2023\/12\/WhatsApp-Image-2023-10-31-a-17.11.42_cc4728c3-1024x768.jpg\" class=\"attachment-large size-large wp-image-253\" alt=\"\" srcset=\"https:\/\/egcm-caraibes.com\/wp-content\/uploads\/2023\/12\/WhatsApp-Image-2023-10-31-a-17.11.42_cc4728c3-1024x768.jpg 1024w, https:\/\/egcm-caraibes.com\/wp-content\/uploads\/2023\/12\/WhatsApp-Image-2023-10-31-a-17.11.42_cc4728c3-300x225.jpg 300w, https:\/\/egcm-caraibes.com\/wp-content\/uploads\/2023\/12\/WhatsApp-Image-2023-10-31-a-17.11.42_cc4728c3-768x576.jpg 768w, https:\/\/egcm-caraibes.com\/wp-content\/uploads\/2023\/12\/WhatsApp-Image-2023-10-31-a-17.11.42_cc4728c3-1536x1152.jpg 1536w, https:\/\/egcm-caraibes.com\/wp-content\/uploads\/2023\/12\/WhatsApp-Image-2023-10-31-a-17.11.42_cc4728c3-825x620.jpg 825w, https:\/\/egcm-caraibes.com\/wp-content\/uploads\/2023\/12\/WhatsApp-Image-2023-10-31-a-17.11.42_cc4728c3-1333x1000.jpg 1333w, https:\/\/egcm-caraibes.com\/wp-content\/uploads\/2023\/12\/WhatsApp-Image-2023-10-31-a-17.11.42_cc4728c3-600x450.jpg 600w, https:\/\/egcm-caraibes.com\/wp-content\/uploads\/2023\/12\/WhatsApp-Image-2023-10-31-a-17.11.42_cc4728c3-400x300.jpg 400w, https:\/\/egcm-caraibes.com\/wp-content\/uploads\/2023\/12\/WhatsApp-Image-2023-10-31-a-17.11.42_cc4728c3.jpg 2000w\" sizes=\"(max-width: 1024px) 100vw, 1024px\" \/>\t\t\t\t\t\t\t\t\t\t\t\t\t\t\t<\/div>\n\t\t\t\t<\/div>\n\t\t\t\t<\/div>\n\t\t<div class=\"elementor-element elementor-element-93b7ca3 e-con-full e-flex e-con e-child\" data-id=\"93b7ca3\" data-element_type=\"container\" data-e-type=\"container\">\n\t\t\t\t<div class=\"elementor-element elementor-element-efd30db elementor-widget elementor-widget-text-editor\" data-id=\"efd30db\" data-element_type=\"widget\" data-e-type=\"widget\" data-widget_type=\"text-editor.default\">\n\t\t\t\t<div class=\"elementor-widget-container\">\n\t\t\t\t\t\t\t\t\t<p><span style=\"color: #e75903;\">EGCM CARAIBES<\/span> est\u00a0 en mesure de r\u00e9aliser les pi\u00e8ces de <strong>chaudronnerie<\/strong>\u00a0et\u00a0<strong>serrurerie<\/strong>\u00a0n\u00e9cessaires \u00e0 votre entreprise.<\/p>\t\t\t\t\t\t\t\t<\/div>\n\t\t\t\t<\/div>\n\t\t\t\t<div class=\"elementor-element elementor-element-1fac4cb elementor-icon-list--layout-traditional elementor-list-item-link-full_width elementor-widget elementor-widget-icon-list\" data-id=\"1fac4cb\" data-element_type=\"widget\" data-e-type=\"widget\" data-widget_type=\"icon-list.default\">\n\t\t\t\t<div class=\"elementor-widget-container\">\n\t\t\t\t\t\t\t<ul class=\"elementor-icon-list-items\">\n\t\t\t\t\t\t\t<li class=\"elementor-icon-list-item\">\n\t\t\t\t\t\t\t\t\t\t\t<span class=\"elementor-icon-list-icon\">\n\t\t\t\t\t\t\t<i aria-hidden=\"true\" class=\"fas fa-chevron-right\"><\/i>\t\t\t\t\t\t<\/span>\n\t\t\t\t\t\t\t\t\t\t<span class=\"elementor-icon-list-text\">Escaliers<\/span>\n\t\t\t\t\t\t\t\t\t<\/li>\n\t\t\t\t\t\t\t\t<li class=\"elementor-icon-list-item\">\n\t\t\t\t\t\t\t\t\t\t\t<span class=\"elementor-icon-list-icon\">\n\t\t\t\t\t\t\t<i aria-hidden=\"true\" class=\"fas fa-chevron-right\"><\/i>\t\t\t\t\t\t<\/span>\n\t\t\t\t\t\t\t\t\t\t<span class=\"elementor-icon-list-text\">Passerelles<\/span>\n\t\t\t\t\t\t\t\t\t<\/li>\n\t\t\t\t\t\t\t\t<li class=\"elementor-icon-list-item\">\n\t\t\t\t\t\t\t\t\t\t\t<span class=\"elementor-icon-list-icon\">\n\t\t\t\t\t\t\t<i aria-hidden=\"true\" class=\"fas fa-chevron-right\"><\/i>\t\t\t\t\t\t<\/span>\n\t\t\t\t\t\t\t\t\t\t<span class=\"elementor-icon-list-text\">Portes et portillons<\/span>\n\t\t\t\t\t\t\t\t\t<\/li>\n\t\t\t\t\t\t\t\t<li class=\"elementor-icon-list-item\">\n\t\t\t\t\t\t\t\t\t\t\t<span class=\"elementor-icon-list-icon\">\n\t\t\t\t\t\t\t<i aria-hidden=\"true\" class=\"fas fa-chevron-right\"><\/i>\t\t\t\t\t\t<\/span>\n\t\t\t\t\t\t\t\t\t\t<span class=\"elementor-icon-list-text\">Plateformes<\/span>\n\t\t\t\t\t\t\t\t\t<\/li>\n\t\t\t\t\t\t\t\t<li class=\"elementor-icon-list-item\">\n\t\t\t\t\t\t\t\t\t\t\t<span class=\"elementor-icon-list-icon\">\n\t\t\t\t\t\t\t<i aria-hidden=\"true\" class=\"fas fa-chevron-right\"><\/i>\t\t\t\t\t\t<\/span>\n\t\t\t\t\t\t\t\t\t\t<span class=\"elementor-icon-list-text\">Protections de machine<\/span>\n\t\t\t\t\t\t\t\t\t<\/li>\n\t\t\t\t\t\t\t\t<li class=\"elementor-icon-list-item\">\n\t\t\t\t\t\t\t\t\t\t\t<span class=\"elementor-icon-list-icon\">\n\t\t\t\t\t\t\t<i aria-hidden=\"true\" class=\"fas fa-chevron-right\"><\/i>\t\t\t\t\t\t<\/span>\n\t\t\t\t\t\t\t\t\t\t<span class=\"elementor-icon-list-text\">Bacs de r\u00e9cup\u00e9ration<\/span>\n\t\t\t\t\t\t\t\t\t<\/li>\n\t\t\t\t\t\t\t\t<li class=\"elementor-icon-list-item\">\n\t\t\t\t\t\t\t\t\t\t\t<span class=\"elementor-icon-list-icon\">\n\t\t\t\t\t\t\t<i aria-hidden=\"true\" class=\"fas fa-chevron-right\"><\/i>\t\t\t\t\t\t<\/span>\n\t\t\t\t\t\t\t\t\t\t<span class=\"elementor-icon-list-text\">Travaux de mise aux normes<\/span>\n\t\t\t\t\t\t\t\t\t<\/li>\n\t\t\t\t\t\t\t\t<li class=\"elementor-icon-list-item\">\n\t\t\t\t\t\t\t\t\t\t\t<span class=\"elementor-icon-list-icon\">\n\t\t\t\t\t\t\t<i aria-hidden=\"true\" class=\"fas fa-chevron-right\"><\/i>\t\t\t\t\t\t<\/span>\n\t\t\t\t\t\t\t\t\t\t<span class=\"elementor-icon-list-text\">Garde-corps<\/span>\n\t\t\t\t\t\t\t\t\t<\/li>\n\t\t\t\t\t\t<\/ul>\n\t\t\t\t\t\t<\/div>\n\t\t\t\t<\/div>\n\t\t\t\t<\/div>\n\t\t<div class=\"elementor-element elementor-element-fc95362 e-con-full e-flex e-con e-child\" data-id=\"fc95362\" data-element_type=\"container\" data-e-type=\"container\">\n\t\t\t\t<div class=\"elementor-element elementor-element-4f2ebf3 elementor-widget__width-initial elementor-widget elementor-widget-image\" data-id=\"4f2ebf3\" data-element_type=\"widget\" data-e-type=\"widget\" data-widget_type=\"image.default\">\n\t\t\t\t<div class=\"elementor-widget-container\">\n\t\t\t\t\t\t\t\t\t\t\t\t\t\t\t<img decoding=\"async\" width=\"768\" height=\"1024\" src=\"https:\/\/egcm-caraibes.com\/wp-content\/uploads\/2023\/12\/escalier-galvanise-768x1024.jpeg\" class=\"attachment-large size-large wp-image-254\" alt=\"\" srcset=\"https:\/\/egcm-caraibes.com\/wp-content\/uploads\/2023\/12\/escalier-galvanise-768x1024.jpeg 768w, https:\/\/egcm-caraibes.com\/wp-content\/uploads\/2023\/12\/escalier-galvanise-225x300.jpeg 225w, https:\/\/egcm-caraibes.com\/wp-content\/uploads\/2023\/12\/escalier-galvanise-1152x1536.jpeg 1152w, https:\/\/egcm-caraibes.com\/wp-content\/uploads\/2023\/12\/escalier-galvanise-465x620.jpeg 465w, https:\/\/egcm-caraibes.com\/wp-content\/uploads\/2023\/12\/escalier-galvanise-750x1000.jpeg 750w, https:\/\/egcm-caraibes.com\/wp-content\/uploads\/2023\/12\/escalier-galvanise-488x650.jpeg 488w, https:\/\/egcm-caraibes.com\/wp-content\/uploads\/2023\/12\/escalier-galvanise-338x450.jpeg 338w, https:\/\/egcm-caraibes.com\/wp-content\/uploads\/2023\/12\/escalier-galvanise.jpeg 1200w\" sizes=\"(max-width: 768px) 100vw, 768px\" \/>\t\t\t\t\t\t\t\t\t\t\t\t\t\t\t<\/div>\n\t\t\t\t<\/div>\n\t\t\t\t<\/div>\n\t\t<div class=\"elementor-element elementor-element-e7e8371 e-con-full e-flex e-con e-child\" data-id=\"e7e8371\" data-element_type=\"container\" data-e-type=\"container\">\n\t\t\t\t<div class=\"elementor-element elementor-element-f23d279 elementor-widget__width-initial elementor-widget elementor-widget-image\" data-id=\"f23d279\" data-element_type=\"widget\" data-e-type=\"widget\" data-widget_type=\"image.default\">\n\t\t\t\t<div class=\"elementor-widget-container\">\n\t\t\t\t\t\t\t\t\t\t\t\t\t\t\t<img decoding=\"async\" width=\"768\" height=\"1024\" src=\"https:\/\/egcm-caraibes.com\/wp-content\/uploads\/2023\/12\/IMG_20230917_133703-1-768x1024.jpg\" class=\"attachment-large size-large wp-image-255\" alt=\"\" srcset=\"https:\/\/egcm-caraibes.com\/wp-content\/uploads\/2023\/12\/IMG_20230917_133703-1-768x1024.jpg 768w, https:\/\/egcm-caraibes.com\/wp-content\/uploads\/2023\/12\/IMG_20230917_133703-1-225x300.jpg 225w, https:\/\/egcm-caraibes.com\/wp-content\/uploads\/2023\/12\/IMG_20230917_133703-1-1152x1536.jpg 1152w, https:\/\/egcm-caraibes.com\/wp-content\/uploads\/2023\/12\/IMG_20230917_133703-1-1536x2048.jpg 1536w, https:\/\/egcm-caraibes.com\/wp-content\/uploads\/2023\/12\/IMG_20230917_133703-1-465x620.jpg 465w, https:\/\/egcm-caraibes.com\/wp-content\/uploads\/2023\/12\/IMG_20230917_133703-1-750x1000.jpg 750w, https:\/\/egcm-caraibes.com\/wp-content\/uploads\/2023\/12\/IMG_20230917_133703-1-488x650.jpg 488w, https:\/\/egcm-caraibes.com\/wp-content\/uploads\/2023\/12\/IMG_20230917_133703-1-338x450.jpg 338w, https:\/\/egcm-caraibes.com\/wp-content\/uploads\/2023\/12\/IMG_20230917_133703-1-scaled.jpg 1920w\" sizes=\"(max-width: 768px) 100vw, 768px\" \/>\t\t\t\t\t\t\t\t\t\t\t\t\t\t\t<\/div>\n\t\t\t\t<\/div>\n\t\t\t\t<\/div>\n\t\t\t\t\t<\/div>\n\t\t\t\t<\/div>\n\t\t<div class=\"elementor-element elementor-element-1296023 e-flex e-con-boxed e-con e-parent\" data-id=\"1296023\" data-element_type=\"container\" data-e-type=\"container\">\n\t\t\t\t\t<div class=\"e-con-inner\">\n\t\t\t\t<div class=\"elementor-element elementor-element-c8643e4 elementor-widget elementor-widget-text-editor\" data-id=\"c8643e4\" data-element_type=\"widget\" data-e-type=\"widget\" data-widget_type=\"text-editor.default\">\n\t\t\t\t<div class=\"elementor-widget-container\">\n\t\t\t\t\t\t\t\t\t<p><span style=\"color: #e75903;\">EGCM CARAIBES<\/span> travaille sur plan ou se d\u00e9place sur site afin de faire une \u00e9tude sur place. Vous disposez ainsi d\u2019un \u00e9l\u00e9ment de chaudronnerie fabriqu\u00e9 sur mesure et adapt\u00e9 \u00e0 vos besoins !\t\t\t\t\t\t\t\t<\/div>\n\t\t\t\t<\/div>\n\t\t\t\t\t<\/div>\n\t\t\t\t<\/div>\n\t\t\t\t<\/div>\n\t\t","protected":false},"excerpt":{"rendered":"<p>Vous&nbsp; recherchez une entreprise comp\u00e9tente pour r\u00e9aliser votre escalier ou tout autre \u00e9l\u00e9ment m\u00e9tallique en Guadeloupe?. Faites appel aux services de la soci\u00e9t\u00e9 EGCM CARAIBES pour vos escaliers et garde-corps&hellip;<a href=\"https:\/\/egcm-caraibes.com\/index.php\/escaliers\/\" class=\"more-link\"><span class=\"more-button\">Continue reading<span class=\"screen-reader-text\">Escaliers<\/span><\/span><\/a><\/p>\n","protected":false},"author":1,"featured_media":0,"parent":0,"menu_order":0,"comment_status":"closed","ping_status":"closed","template":"","meta":{"footnotes":""},"class_list":["post-192","page","type-page","status-publish","hentry"],"yoast_head":"<!-- This site is optimized with the Yoast SEO plugin v27.4 - https:\/\/yoast.com\/product\/yoast-seo-wordpress\/ -->\n<title>Escaliers - EGCM Caraibes<\/title>\n<meta name=\"robots\" content=\"index, follow, max-snippet:-1, max-image-preview:large, max-video-preview:-1\" \/>\n<link rel=\"canonical\" href=\"https:\/\/egcm-caraibes.com\/index.php\/escaliers\/\" \/>\n<meta property=\"og:locale\" content=\"fr_FR\" \/>\n<meta property=\"og:type\" content=\"article\" \/>\n<meta property=\"og:title\" content=\"Escaliers - EGCM Caraibes\" \/>\n<meta property=\"og:description\" content=\"Vous&nbsp; recherchez une entreprise comp\u00e9tente pour r\u00e9aliser votre escalier ou tout autre \u00e9l\u00e9ment m\u00e9tallique en Guadeloupe?. Faites appel aux services de la soci\u00e9t\u00e9 EGCM CARAIBES pour vos escaliers et garde-corps&hellip;Continue readingEscaliers\" \/>\n<meta property=\"og:url\" content=\"https:\/\/egcm-caraibes.com\/index.php\/escaliers\/\" \/>\n<meta property=\"og:site_name\" content=\"EGCM Caraibes\" \/>\n<meta property=\"article:publisher\" content=\"https:\/\/www.facebook.com\/egcm.caraibes\/\" \/>\n<meta property=\"article:modified_time\" content=\"2023-12-15T20:49:47+00:00\" \/>\n<meta property=\"og:image\" content=\"http:\/\/egcm-caraibes.com\/wp-content\/uploads\/2023\/12\/WhatsApp-Image-2023-10-31-a-17.11.42_cc4728c3-1024x768.jpg\" \/>\n<meta name=\"twitter:card\" content=\"summary_large_image\" \/>\n<meta name=\"twitter:label1\" content=\"Dur\u00e9e de lecture estim\u00e9e\" \/>\n\t<meta name=\"twitter:data1\" content=\"2 minutes\" \/>\n<script type=\"application\/ld+json\" class=\"yoast-schema-graph\">{\"@context\":\"https:\\\/\\\/schema.org\",\"@graph\":[{\"@type\":\"WebPage\",\"@id\":\"https:\\\/\\\/egcm-caraibes.com\\\/index.php\\\/escaliers\\\/\",\"url\":\"https:\\\/\\\/egcm-caraibes.com\\\/index.php\\\/escaliers\\\/\",\"name\":\"Escaliers - EGCM Caraibes\",\"isPartOf\":{\"@id\":\"https:\\\/\\\/egcm-caraibes.com\\\/#website\"},\"primaryImageOfPage\":{\"@id\":\"https:\\\/\\\/egcm-caraibes.com\\\/index.php\\\/escaliers\\\/#primaryimage\"},\"image\":{\"@id\":\"https:\\\/\\\/egcm-caraibes.com\\\/index.php\\\/escaliers\\\/#primaryimage\"},\"thumbnailUrl\":\"http:\\\/\\\/egcm-caraibes.com\\\/wp-content\\\/uploads\\\/2023\\\/12\\\/WhatsApp-Image-2023-10-31-a-17.11.42_cc4728c3-1024x768.jpg\",\"datePublished\":\"2023-12-13T16:02:38+00:00\",\"dateModified\":\"2023-12-15T20:49:47+00:00\",\"breadcrumb\":{\"@id\":\"https:\\\/\\\/egcm-caraibes.com\\\/index.php\\\/escaliers\\\/#breadcrumb\"},\"inLanguage\":\"fr-FR\",\"potentialAction\":[{\"@type\":\"ReadAction\",\"target\":[\"https:\\\/\\\/egcm-caraibes.com\\\/index.php\\\/escaliers\\\/\"]}]},{\"@type\":\"ImageObject\",\"inLanguage\":\"fr-FR\",\"@id\":\"https:\\\/\\\/egcm-caraibes.com\\\/index.php\\\/escaliers\\\/#primaryimage\",\"url\":\"https:\\\/\\\/egcm-caraibes.com\\\/wp-content\\\/uploads\\\/2023\\\/12\\\/WhatsApp-Image-2023-10-31-a-17.11.42_cc4728c3.jpg\",\"contentUrl\":\"https:\\\/\\\/egcm-caraibes.com\\\/wp-content\\\/uploads\\\/2023\\\/12\\\/WhatsApp-Image-2023-10-31-a-17.11.42_cc4728c3.jpg\",\"width\":2000,\"height\":1500},{\"@type\":\"BreadcrumbList\",\"@id\":\"https:\\\/\\\/egcm-caraibes.com\\\/index.php\\\/escaliers\\\/#breadcrumb\",\"itemListElement\":[{\"@type\":\"ListItem\",\"position\":1,\"name\":\"Accueil\",\"item\":\"https:\\\/\\\/egcm-caraibes.com\\\/\"},{\"@type\":\"ListItem\",\"position\":2,\"name\":\"Escaliers\"}]},{\"@type\":\"WebSite\",\"@id\":\"https:\\\/\\\/egcm-caraibes.com\\\/#website\",\"url\":\"https:\\\/\\\/egcm-caraibes.com\\\/\",\"name\":\"EGCM Caraibes\",\"description\":\"M\u00e9tallerie - Serrurerie\",\"publisher\":{\"@id\":\"https:\\\/\\\/egcm-caraibes.com\\\/#organization\"},\"potentialAction\":[{\"@type\":\"SearchAction\",\"target\":{\"@type\":\"EntryPoint\",\"urlTemplate\":\"https:\\\/\\\/egcm-caraibes.com\\\/?s={search_term_string}\"},\"query-input\":{\"@type\":\"PropertyValueSpecification\",\"valueRequired\":true,\"valueName\":\"search_term_string\"}}],\"inLanguage\":\"fr-FR\"},{\"@type\":\"Organization\",\"@id\":\"https:\\\/\\\/egcm-caraibes.com\\\/#organization\",\"name\":\"EGCM Caraibes\",\"url\":\"https:\\\/\\\/egcm-caraibes.com\\\/\",\"logo\":{\"@type\":\"ImageObject\",\"inLanguage\":\"fr-FR\",\"@id\":\"https:\\\/\\\/egcm-caraibes.com\\\/#\\\/schema\\\/logo\\\/image\\\/\",\"url\":\"https:\\\/\\\/egcm-caraibes.com\\\/wp-content\\\/uploads\\\/2023\\\/12\\\/logo.png\",\"contentUrl\":\"https:\\\/\\\/egcm-caraibes.com\\\/wp-content\\\/uploads\\\/2023\\\/12\\\/logo.png\",\"width\":59,\"height\":709,\"caption\":\"EGCM Caraibes\"},\"image\":{\"@id\":\"https:\\\/\\\/egcm-caraibes.com\\\/#\\\/schema\\\/logo\\\/image\\\/\"},\"sameAs\":[\"https:\\\/\\\/www.facebook.com\\\/egcm.caraibes\\\/\"]}]}<\/script>\n<!-- \/ Yoast SEO plugin. -->","yoast_head_json":{"title":"Escaliers - EGCM Caraibes","robots":{"index":"index","follow":"follow","max-snippet":"max-snippet:-1","max-image-preview":"max-image-preview:large","max-video-preview":"max-video-preview:-1"},"canonical":"https:\/\/egcm-caraibes.com\/index.php\/escaliers\/","og_locale":"fr_FR","og_type":"article","og_title":"Escaliers - EGCM Caraibes","og_description":"Vous&nbsp; recherchez une entreprise comp\u00e9tente pour r\u00e9aliser votre escalier ou tout autre \u00e9l\u00e9ment m\u00e9tallique en Guadeloupe?. Faites appel aux services de la soci\u00e9t\u00e9 EGCM CARAIBES pour vos escaliers et garde-corps&hellip;Continue readingEscaliers","og_url":"https:\/\/egcm-caraibes.com\/index.php\/escaliers\/","og_site_name":"EGCM Caraibes","article_publisher":"https:\/\/www.facebook.com\/egcm.caraibes\/","article_modified_time":"2023-12-15T20:49:47+00:00","og_image":[{"url":"http:\/\/egcm-caraibes.com\/wp-content\/uploads\/2023\/12\/WhatsApp-Image-2023-10-31-a-17.11.42_cc4728c3-1024x768.jpg","type":"","width":"","height":""}],"twitter_card":"summary_large_image","twitter_misc":{"Dur\u00e9e de lecture estim\u00e9e":"2 minutes"},"schema":{"@context":"https:\/\/schema.org","@graph":[{"@type":"WebPage","@id":"https:\/\/egcm-caraibes.com\/index.php\/escaliers\/","url":"https:\/\/egcm-caraibes.com\/index.php\/escaliers\/","name":"Escaliers - EGCM Caraibes","isPartOf":{"@id":"https:\/\/egcm-caraibes.com\/#website"},"primaryImageOfPage":{"@id":"https:\/\/egcm-caraibes.com\/index.php\/escaliers\/#primaryimage"},"image":{"@id":"https:\/\/egcm-caraibes.com\/index.php\/escaliers\/#primaryimage"},"thumbnailUrl":"http:\/\/egcm-caraibes.com\/wp-content\/uploads\/2023\/12\/WhatsApp-Image-2023-10-31-a-17.11.42_cc4728c3-1024x768.jpg","datePublished":"2023-12-13T16:02:38+00:00","dateModified":"2023-12-15T20:49:47+00:00","breadcrumb":{"@id":"https:\/\/egcm-caraibes.com\/index.php\/escaliers\/#breadcrumb"},"inLanguage":"fr-FR","potentialAction":[{"@type":"ReadAction","target":["https:\/\/egcm-caraibes.com\/index.php\/escaliers\/"]}]},{"@type":"ImageObject","inLanguage":"fr-FR","@id":"https:\/\/egcm-caraibes.com\/index.php\/escaliers\/#primaryimage","url":"https:\/\/egcm-caraibes.com\/wp-content\/uploads\/2023\/12\/WhatsApp-Image-2023-10-31-a-17.11.42_cc4728c3.jpg","contentUrl":"https:\/\/egcm-caraibes.com\/wp-content\/uploads\/2023\/12\/WhatsApp-Image-2023-10-31-a-17.11.42_cc4728c3.jpg","width":2000,"height":1500},{"@type":"BreadcrumbList","@id":"https:\/\/egcm-caraibes.com\/index.php\/escaliers\/#breadcrumb","itemListElement":[{"@type":"ListItem","position":1,"name":"Accueil","item":"https:\/\/egcm-caraibes.com\/"},{"@type":"ListItem","position":2,"name":"Escaliers"}]},{"@type":"WebSite","@id":"https:\/\/egcm-caraibes.com\/#website","url":"https:\/\/egcm-caraibes.com\/","name":"EGCM Caraibes","description":"M\u00e9tallerie - Serrurerie","publisher":{"@id":"https:\/\/egcm-caraibes.com\/#organization"},"potentialAction":[{"@type":"SearchAction","target":{"@type":"EntryPoint","urlTemplate":"https:\/\/egcm-caraibes.com\/?s={search_term_string}"},"query-input":{"@type":"PropertyValueSpecification","valueRequired":true,"valueName":"search_term_string"}}],"inLanguage":"fr-FR"},{"@type":"Organization","@id":"https:\/\/egcm-caraibes.com\/#organization","name":"EGCM Caraibes","url":"https:\/\/egcm-caraibes.com\/","logo":{"@type":"ImageObject","inLanguage":"fr-FR","@id":"https:\/\/egcm-caraibes.com\/#\/schema\/logo\/image\/","url":"https:\/\/egcm-caraibes.com\/wp-content\/uploads\/2023\/12\/logo.png","contentUrl":"https:\/\/egcm-caraibes.com\/wp-content\/uploads\/2023\/12\/logo.png","width":59,"height":709,"caption":"EGCM Caraibes"},"image":{"@id":"https:\/\/egcm-caraibes.com\/#\/schema\/logo\/image\/"},"sameAs":["https:\/\/www.facebook.com\/egcm.caraibes\/"]}]}},"_links":{"self":[{"href":"https:\/\/egcm-caraibes.com\/index.php\/wp-json\/wp\/v2\/pages\/192","targetHints":{"allow":["GET"]}}],"collection":[{"href":"https:\/\/egcm-caraibes.com\/index.php\/wp-json\/wp\/v2\/pages"}],"about":[{"href":"https:\/\/egcm-caraibes.com\/index.php\/wp-json\/wp\/v2\/types\/page"}],"author":[{"embeddable":true,"href":"https:\/\/egcm-caraibes.com\/index.php\/wp-json\/wp\/v2\/users\/1"}],"replies":[{"embeddable":true,"href":"https:\/\/egcm-caraibes.com\/index.php\/wp-json\/wp\/v2\/comments?post=192"}],"version-history":[{"count":29,"href":"https:\/\/egcm-caraibes.com\/index.php\/wp-json\/wp\/v2\/pages\/192\/revisions"}],"predecessor-version":[{"id":410,"href":"https:\/\/egcm-caraibes.com\/index.php\/wp-json\/wp\/v2\/pages\/192\/revisions\/410"}],"wp:attachment":[{"href":"https:\/\/egcm-caraibes.com\/index.php\/wp-json\/wp\/v2\/media?parent=192"}],"curies":[{"name":"wp","href":"https:\/\/api.w.org\/{rel}","templated":true}]}}