{"id":76,"date":"2023-11-01T11:27:10","date_gmt":"2023-11-01T15:27:10","guid":{"rendered":"https:\/\/egcm-caraibes.com\/?page_id=76"},"modified":"2025-04-11T16:12:34","modified_gmt":"2025-04-11T20:12:34","slug":"egcm-caraibes","status":"publish","type":"page","link":"https:\/\/egcm-caraibes.com\/","title":{"rendered":"EGCM Caraibes"},"content":{"rendered":"\t\t<div data-elementor-type=\"wp-page\" data-elementor-id=\"76\" class=\"elementor elementor-76\">\n\t\t\t\t<div class=\"elementor-element elementor-element-04e11dc e-flex e-con-boxed e-con e-parent\" data-id=\"04e11dc\" data-element_type=\"container\" data-e-type=\"container\">\n\t\t\t\t\t<div class=\"e-con-inner\">\n\t\t\t\t<div class=\"elementor-element elementor-element-37e4245 elementor-widget elementor-widget-heading\" data-id=\"37e4245\" data-element_type=\"widget\" data-e-type=\"widget\" data-widget_type=\"heading.default\">\n\t\t\t\t<div class=\"elementor-widget-container\">\n\t\t\t\t\t<h2 class=\"elementor-heading-title elementor-size-default\">Entreprise G\u00e9n\u00e9rale de Construction M\u00e9tallique Caraibes<\/h2>\t\t\t\t<\/div>\n\t\t\t\t<\/div>\n\t\t\t\t\t<\/div>\n\t\t\t\t<\/div>\n\t\t<div class=\"elementor-element elementor-element-50cb4b6 e-flex e-con-boxed e-con e-parent\" data-id=\"50cb4b6\" data-element_type=\"container\" data-e-type=\"container\">\n\t\t\t\t\t<div class=\"e-con-inner\">\n\t\t<div class=\"elementor-element elementor-element-f330eed e-con-full e-flex e-con e-child\" data-id=\"f330eed\" data-element_type=\"container\" data-e-type=\"container\">\n\t\t\t\t<div class=\"elementor-element elementor-element-f1e932c elementor-widget__width-initial elementor-widget elementor-widget-image\" data-id=\"f1e932c\" data-element_type=\"widget\" data-e-type=\"widget\" data-widget_type=\"image.default\">\n\t\t\t\t<div class=\"elementor-widget-container\">\n\t\t\t\t\t\t\t\t\t\t\t\t\t\t\t<img decoding=\"async\" width=\"59\" height=\"709\" src=\"https:\/\/egcm-caraibes.com\/wp-content\/uploads\/2023\/12\/logo.png\" class=\"attachment-large size-large wp-image-317\" alt=\"\" srcset=\"https:\/\/egcm-caraibes.com\/wp-content\/uploads\/2023\/12\/logo.png 59w, https:\/\/egcm-caraibes.com\/wp-content\/uploads\/2023\/12\/logo-25x300.png 25w, https:\/\/egcm-caraibes.com\/wp-content\/uploads\/2023\/12\/logo-54x650.png 54w\" sizes=\"(max-width: 59px) 100vw, 59px\" \/>\t\t\t\t\t\t\t\t\t\t\t\t\t\t\t<\/div>\n\t\t\t\t<\/div>\n\t\t\t\t<\/div>\n\t\t<div class=\"elementor-element elementor-element-93753e6 e-con-full e-flex e-con e-child\" data-id=\"93753e6\" data-element_type=\"container\" data-e-type=\"container\">\n\t\t\t\t<div class=\"elementor-element elementor-element-4efb8af elementor-widget elementor-widget-text-editor\" data-id=\"4efb8af\" data-element_type=\"widget\" data-e-type=\"widget\" data-widget_type=\"text-editor.default\">\n\t\t\t\t<div class=\"elementor-widget-container\">\n\t\t\t\t\t\t\t\t\t<p class=\"wow fadeInUp\" data-wow-delay=\"0.3s\"><span style=\"color: #e75903;\">EGCM CARAIBES\u00a0 \u00a0<\/span>est une entreprise sp\u00e9cialis\u00e9e dans les travaux de <strong>m\u00e9tallerie et serrurerie.<\/strong> Elle maitrise tous les proc\u00e9d\u00e9s de soudage et sur tous types de m\u00e9taux.<\/p><p class=\"wow fadeInUp mb-0\" data-wow-delay=\"0.3s\"><span style=\"color: #e75903;\">EGCM CARAIBES <\/span>met \u00e0 votre disposition toutes ses comp\u00e9tences pour l\u2019\u00e9tude, la pr\u00e9fabrication, le montage, la maintenance et la r\u00e9novation d\u2019installations en milieu industriel et chez les particuliers et intervient principalement en Guadeloupe.<\/p>\t\t\t\t\t\t\t\t<\/div>\n\t\t\t\t<\/div>\n\t\t\t\t<\/div>\n\t\t<div class=\"elementor-element elementor-element-d488996 e-con-full e-flex e-con e-child\" data-id=\"d488996\" data-element_type=\"container\" data-e-type=\"container\">\n\t\t\t\t<div class=\"elementor-element elementor-element-47cfc61 elementor-widget elementor-widget-text-editor\" data-id=\"47cfc61\" data-element_type=\"widget\" data-e-type=\"widget\" data-widget_type=\"text-editor.default\">\n\t\t\t\t<div class=\"elementor-widget-container\">\n\t\t\t\t\t\t\t\t\t<p><b>SAS EGCM Caraibes<br \/>181 Route de la Chapelle<br \/>ZI de Jarry<br \/>97122 BAIE MAHAULT<\/b><\/p><p>Tel 06 90 91 78 37<br \/>contact@egcm-caraibes.com<\/p>\t\t\t\t\t\t\t\t<\/div>\n\t\t\t\t<\/div>\n\t\t\t\t<\/div>\n\t\t\t\t\t<\/div>\n\t\t\t\t<\/div>\n\t\t<div class=\"elementor-element elementor-element-14c0337 e-flex e-con-boxed e-con e-parent\" data-id=\"14c0337\" data-element_type=\"container\" data-e-type=\"container\">\n\t\t\t\t\t<div class=\"e-con-inner\">\n\t\t\t\t\t<\/div>\n\t\t\t\t<\/div>\n\t\t\t\t<\/div>\n\t\t","protected":false},"excerpt":{"rendered":"<p>Entreprise G\u00e9n\u00e9rale de Construction M\u00e9tallique Caraibes EGCM CARAIBES\u00a0 \u00a0est une entreprise sp\u00e9cialis\u00e9e dans les travaux de m\u00e9tallerie et serrurerie. Elle maitrise tous les proc\u00e9d\u00e9s de soudage et sur tous types&hellip;<a href=\"https:\/\/egcm-caraibes.com\/\" class=\"more-link\"><span class=\"more-button\">Continue reading<span class=\"screen-reader-text\">EGCM Caraibes<\/span><\/span><\/a><\/p>\n","protected":false},"author":1,"featured_media":0,"parent":0,"menu_order":0,"comment_status":"closed","ping_status":"closed","template":"","meta":{"footnotes":""},"class_list":["post-76","page","type-page","status-publish","hentry"],"yoast_head":"<!-- This site is optimized with the Yoast SEO plugin v27.4 - https:\/\/yoast.com\/product\/yoast-seo-wordpress\/ -->\n<title>EGCM Caraibes - EGCM Caraibes<\/title>\n<meta name=\"description\" content=\"Nous construisons votre portail, votre porte, votre balcon en acier, en alu ou en inox. Nous soudons l&#039;aluminium, l&#039;acier et l&#039;inox. Nous r\u00e9parons les engins de chantiers, les cuves, etc. aux service des particuliers et des professionnels\" \/>\n<meta name=\"robots\" content=\"index, follow, max-snippet:-1, max-image-preview:large, max-video-preview:-1\" \/>\n<link rel=\"canonical\" href=\"https:\/\/egcm-caraibes.com\/\" \/>\n<meta property=\"og:locale\" content=\"fr_FR\" \/>\n<meta property=\"og:type\" content=\"article\" \/>\n<meta property=\"og:title\" content=\"EGCM Caraibes - EGCM Caraibes\" \/>\n<meta property=\"og:description\" content=\"Nous construisons votre portail, votre porte, votre balcon en acier, en alu ou en inox. Nous soudons l&#039;aluminium, l&#039;acier et l&#039;inox. Nous r\u00e9parons les engins de chantiers, les cuves, etc. aux service des particuliers et des professionnels\" \/>\n<meta property=\"og:url\" content=\"https:\/\/egcm-caraibes.com\/\" \/>\n<meta property=\"og:site_name\" content=\"EGCM Caraibes\" \/>\n<meta property=\"article:publisher\" content=\"https:\/\/www.facebook.com\/egcm.caraibes\/\" \/>\n<meta property=\"article:modified_time\" content=\"2025-04-11T20:12:34+00:00\" \/>\n<meta property=\"og:image\" content=\"https:\/\/egcm-caraibes.com\/wp-content\/uploads\/2023\/12\/logo.png\" \/>\n\t<meta property=\"og:image:width\" content=\"59\" \/>\n\t<meta property=\"og:image:height\" content=\"709\" \/>\n\t<meta property=\"og:image:type\" content=\"image\/png\" \/>\n<meta name=\"twitter:card\" content=\"summary_large_image\" \/>\n<meta name=\"twitter:label1\" content=\"Dur\u00e9e de lecture estim\u00e9e\" \/>\n\t<meta name=\"twitter:data1\" content=\"1 minute\" \/>\n<script type=\"application\/ld+json\" class=\"yoast-schema-graph\">{\"@context\":\"https:\\\/\\\/schema.org\",\"@graph\":[{\"@type\":\"WebPage\",\"@id\":\"https:\\\/\\\/egcm-caraibes.com\\\/\",\"url\":\"https:\\\/\\\/egcm-caraibes.com\\\/\",\"name\":\"EGCM Caraibes - EGCM Caraibes\",\"isPartOf\":{\"@id\":\"https:\\\/\\\/egcm-caraibes.com\\\/#website\"},\"primaryImageOfPage\":{\"@id\":\"https:\\\/\\\/egcm-caraibes.com\\\/#primaryimage\"},\"image\":{\"@id\":\"https:\\\/\\\/egcm-caraibes.com\\\/#primaryimage\"},\"thumbnailUrl\":\"http:\\\/\\\/egcm-caraibes.com\\\/wp-content\\\/uploads\\\/2023\\\/12\\\/logo.png\",\"datePublished\":\"2023-11-01T15:27:10+00:00\",\"dateModified\":\"2025-04-11T20:12:34+00:00\",\"description\":\"Nous construisons votre portail, votre porte, votre balcon en acier, en alu ou en inox. Nous soudons l'aluminium, l'acier et l'inox. Nous r\u00e9parons les engins de chantiers, les cuves, etc. aux service des particuliers et des professionnels\",\"breadcrumb\":{\"@id\":\"https:\\\/\\\/egcm-caraibes.com\\\/#breadcrumb\"},\"inLanguage\":\"fr-FR\",\"potentialAction\":[{\"@type\":\"ReadAction\",\"target\":[\"https:\\\/\\\/egcm-caraibes.com\\\/\"]}]},{\"@type\":\"ImageObject\",\"inLanguage\":\"fr-FR\",\"@id\":\"https:\\\/\\\/egcm-caraibes.com\\\/#primaryimage\",\"url\":\"http:\\\/\\\/egcm-caraibes.com\\\/wp-content\\\/uploads\\\/2023\\\/12\\\/logo.png\",\"contentUrl\":\"http:\\\/\\\/egcm-caraibes.com\\\/wp-content\\\/uploads\\\/2023\\\/12\\\/logo.png\"},{\"@type\":\"BreadcrumbList\",\"@id\":\"https:\\\/\\\/egcm-caraibes.com\\\/#breadcrumb\",\"itemListElement\":[{\"@type\":\"ListItem\",\"position\":1,\"name\":\"Accueil\",\"item\":\"https:\\\/\\\/egcm-caraibes.com\\\/\"},{\"@type\":\"ListItem\",\"position\":2,\"name\":\"EGCM Caraibes\"}]},{\"@type\":\"WebSite\",\"@id\":\"https:\\\/\\\/egcm-caraibes.com\\\/#website\",\"url\":\"https:\\\/\\\/egcm-caraibes.com\\\/\",\"name\":\"EGCM Caraibes\",\"description\":\"M\u00e9tallerie - Serrurerie\",\"publisher\":{\"@id\":\"https:\\\/\\\/egcm-caraibes.com\\\/#organization\"},\"potentialAction\":[{\"@type\":\"SearchAction\",\"target\":{\"@type\":\"EntryPoint\",\"urlTemplate\":\"https:\\\/\\\/egcm-caraibes.com\\\/?s={search_term_string}\"},\"query-input\":{\"@type\":\"PropertyValueSpecification\",\"valueRequired\":true,\"valueName\":\"search_term_string\"}}],\"inLanguage\":\"fr-FR\"},{\"@type\":\"Organization\",\"@id\":\"https:\\\/\\\/egcm-caraibes.com\\\/#organization\",\"name\":\"EGCM Caraibes\",\"url\":\"https:\\\/\\\/egcm-caraibes.com\\\/\",\"logo\":{\"@type\":\"ImageObject\",\"inLanguage\":\"fr-FR\",\"@id\":\"https:\\\/\\\/egcm-caraibes.com\\\/#\\\/schema\\\/logo\\\/image\\\/\",\"url\":\"https:\\\/\\\/egcm-caraibes.com\\\/wp-content\\\/uploads\\\/2023\\\/12\\\/logo.png\",\"contentUrl\":\"https:\\\/\\\/egcm-caraibes.com\\\/wp-content\\\/uploads\\\/2023\\\/12\\\/logo.png\",\"width\":59,\"height\":709,\"caption\":\"EGCM Caraibes\"},\"image\":{\"@id\":\"https:\\\/\\\/egcm-caraibes.com\\\/#\\\/schema\\\/logo\\\/image\\\/\"},\"sameAs\":[\"https:\\\/\\\/www.facebook.com\\\/egcm.caraibes\\\/\"]}]}<\/script>\n<!-- \/ Yoast SEO plugin. -->","yoast_head_json":{"title":"EGCM Caraibes - EGCM Caraibes","description":"Nous construisons votre portail, votre porte, votre balcon en acier, en alu ou en inox. Nous soudons l'aluminium, l'acier et l'inox. Nous r\u00e9parons les engins de chantiers, les cuves, etc. aux service des particuliers et des professionnels","robots":{"index":"index","follow":"follow","max-snippet":"max-snippet:-1","max-image-preview":"max-image-preview:large","max-video-preview":"max-video-preview:-1"},"canonical":"https:\/\/egcm-caraibes.com\/","og_locale":"fr_FR","og_type":"article","og_title":"EGCM Caraibes - EGCM Caraibes","og_description":"Nous construisons votre portail, votre porte, votre balcon en acier, en alu ou en inox. Nous soudons l'aluminium, l'acier et l'inox. Nous r\u00e9parons les engins de chantiers, les cuves, etc. aux service des particuliers et des professionnels","og_url":"https:\/\/egcm-caraibes.com\/","og_site_name":"EGCM Caraibes","article_publisher":"https:\/\/www.facebook.com\/egcm.caraibes\/","article_modified_time":"2025-04-11T20:12:34+00:00","og_image":[{"width":59,"height":709,"url":"https:\/\/egcm-caraibes.com\/wp-content\/uploads\/2023\/12\/logo.png","type":"image\/png"}],"twitter_card":"summary_large_image","twitter_misc":{"Dur\u00e9e de lecture estim\u00e9e":"1 minute"},"schema":{"@context":"https:\/\/schema.org","@graph":[{"@type":"WebPage","@id":"https:\/\/egcm-caraibes.com\/","url":"https:\/\/egcm-caraibes.com\/","name":"EGCM Caraibes - EGCM Caraibes","isPartOf":{"@id":"https:\/\/egcm-caraibes.com\/#website"},"primaryImageOfPage":{"@id":"https:\/\/egcm-caraibes.com\/#primaryimage"},"image":{"@id":"https:\/\/egcm-caraibes.com\/#primaryimage"},"thumbnailUrl":"http:\/\/egcm-caraibes.com\/wp-content\/uploads\/2023\/12\/logo.png","datePublished":"2023-11-01T15:27:10+00:00","dateModified":"2025-04-11T20:12:34+00:00","description":"Nous construisons votre portail, votre porte, votre balcon en acier, en alu ou en inox. Nous soudons l'aluminium, l'acier et l'inox. Nous r\u00e9parons les engins de chantiers, les cuves, etc. aux service des particuliers et des professionnels","breadcrumb":{"@id":"https:\/\/egcm-caraibes.com\/#breadcrumb"},"inLanguage":"fr-FR","potentialAction":[{"@type":"ReadAction","target":["https:\/\/egcm-caraibes.com\/"]}]},{"@type":"ImageObject","inLanguage":"fr-FR","@id":"https:\/\/egcm-caraibes.com\/#primaryimage","url":"http:\/\/egcm-caraibes.com\/wp-content\/uploads\/2023\/12\/logo.png","contentUrl":"http:\/\/egcm-caraibes.com\/wp-content\/uploads\/2023\/12\/logo.png"},{"@type":"BreadcrumbList","@id":"https:\/\/egcm-caraibes.com\/#breadcrumb","itemListElement":[{"@type":"ListItem","position":1,"name":"Accueil","item":"https:\/\/egcm-caraibes.com\/"},{"@type":"ListItem","position":2,"name":"EGCM Caraibes"}]},{"@type":"WebSite","@id":"https:\/\/egcm-caraibes.com\/#website","url":"https:\/\/egcm-caraibes.com\/","name":"EGCM Caraibes","description":"M\u00e9tallerie - Serrurerie","publisher":{"@id":"https:\/\/egcm-caraibes.com\/#organization"},"potentialAction":[{"@type":"SearchAction","target":{"@type":"EntryPoint","urlTemplate":"https:\/\/egcm-caraibes.com\/?s={search_term_string}"},"query-input":{"@type":"PropertyValueSpecification","valueRequired":true,"valueName":"search_term_string"}}],"inLanguage":"fr-FR"},{"@type":"Organization","@id":"https:\/\/egcm-caraibes.com\/#organization","name":"EGCM Caraibes","url":"https:\/\/egcm-caraibes.com\/","logo":{"@type":"ImageObject","inLanguage":"fr-FR","@id":"https:\/\/egcm-caraibes.com\/#\/schema\/logo\/image\/","url":"https:\/\/egcm-caraibes.com\/wp-content\/uploads\/2023\/12\/logo.png","contentUrl":"https:\/\/egcm-caraibes.com\/wp-content\/uploads\/2023\/12\/logo.png","width":59,"height":709,"caption":"EGCM Caraibes"},"image":{"@id":"https:\/\/egcm-caraibes.com\/#\/schema\/logo\/image\/"},"sameAs":["https:\/\/www.facebook.com\/egcm.caraibes\/"]}]}},"_links":{"self":[{"href":"https:\/\/egcm-caraibes.com\/index.php\/wp-json\/wp\/v2\/pages\/76","targetHints":{"allow":["GET"]}}],"collection":[{"href":"https:\/\/egcm-caraibes.com\/index.php\/wp-json\/wp\/v2\/pages"}],"about":[{"href":"https:\/\/egcm-caraibes.com\/index.php\/wp-json\/wp\/v2\/types\/page"}],"author":[{"embeddable":true,"href":"https:\/\/egcm-caraibes.com\/index.php\/wp-json\/wp\/v2\/users\/1"}],"replies":[{"embeddable":true,"href":"https:\/\/egcm-caraibes.com\/index.php\/wp-json\/wp\/v2\/comments?post=76"}],"version-history":[{"count":86,"href":"https:\/\/egcm-caraibes.com\/index.php\/wp-json\/wp\/v2\/pages\/76\/revisions"}],"predecessor-version":[{"id":424,"href":"https:\/\/egcm-caraibes.com\/index.php\/wp-json\/wp\/v2\/pages\/76\/revisions\/424"}],"wp:attachment":[{"href":"https:\/\/egcm-caraibes.com\/index.php\/wp-json\/wp\/v2\/media?parent=76"}],"curies":[{"name":"wp","href":"https:\/\/api.w.org\/{rel}","templated":true}]}}